{"id":9581,"date":"2022-11-06T21:01:08","date_gmt":"2022-11-06T19:01:08","guid":{"rendered":"https:\/\/www.antoinekaram.com\/product\/lito-ensemble-de-couette\/"},"modified":"2025-05-26T01:10:34","modified_gmt":"2025-05-25T22:10:34","slug":"lito-ensemble-de-couette","status":"publish","type":"product","link":"https:\/\/www.antoinekaram.com\/fr\/produit\/lito-ensemble-de-couette\/","title":{"rendered":"LITO Ensemble de Couette"},"content":{"rendered":"<h3>Notre ensemble de couette Lito comprend 6 pi\u00e8ces :<\/h3>\n<ul>\n<li>1 housse de couette brod\u00e9e<\/li>\n<li>1 feuille de fond unie<\/li>\n<li>2 taies d&rsquo;oreiller avec d\u00e9tails brod\u00e9s<\/li>\n<li>2 taies d&rsquo;oreiller unies<\/li>\n<\/ul>\n<h3>Informations sur les mat\u00e9riaux du produit :<\/h3>\n<ul>\n<li>Textiles italiens les plus raffin\u00e9s.<\/li>\n<li>Certifi\u00e9 OEKO-TEX.<\/li>\n<\/ul>\n<p>Vous avez besoin de pi\u00e8ces suppl\u00e9mentaires ou de personnalisation ? Notre service sur mesure est disponible pour adapter votre ensemble \u00e0 vos besoins sp\u00e9cifiques.<\/p>\n","protected":false},"excerpt":{"rendered":"<p>L&rsquo;ensemble de couette Lito offre un \u00e9quilibre parfait entre simplicit\u00e9 et \u00e9l\u00e9gance avec son satin de coton blanc et ses subtiles touches d&rsquo;ajour noir. Ce design intemporel apporte une touche de sophistication \u00e0 votre chambre \u00e0 coucher, ce qui en fait un choix id\u00e9al pour ceux qui privil\u00e9gient une esth\u00e9tique minimaliste mais raffin\u00e9e.<\/p>\n","protected":false},"featured_media":7172,"comment_status":"open","ping_status":"closed","template":"","meta":{"_joinchat":[]},"product_brand":[],"product_cat":[300,303],"product_tag":[],"class_list":{"0":"post-9581","1":"product","2":"type-product","3":"status-publish","4":"has-post-thumbnail","6":"product_cat-ensembles-de-couettes","7":"product_cat-intemporel","8":"pa_fabric-satin-de-coton-1010","9":"pa_fabric-satin-de-coton-300","10":"pa_fabric-satin-de-coton-600","11":"pa_fabric-satin-de-coton-715","13":"first","14":"instock","15":"shipping-taxable","16":"purchasable","17":"product-type-variable"},"_links":{"self":[{"href":"https:\/\/www.antoinekaram.com\/fr\/wp-json\/wp\/v2\/product\/9581","targetHints":{"allow":["GET"]}}],"collection":[{"href":"https:\/\/www.antoinekaram.com\/fr\/wp-json\/wp\/v2\/product"}],"about":[{"href":"https:\/\/www.antoinekaram.com\/fr\/wp-json\/wp\/v2\/types\/product"}],"replies":[{"embeddable":true,"href":"https:\/\/www.antoinekaram.com\/fr\/wp-json\/wp\/v2\/comments?post=9581"}],"wp:featuredmedia":[{"embeddable":true,"href":"https:\/\/www.antoinekaram.com\/fr\/wp-json\/wp\/v2\/media\/7172"}],"wp:attachment":[{"href":"https:\/\/www.antoinekaram.com\/fr\/wp-json\/wp\/v2\/media?parent=9581"}],"wp:term":[{"taxonomy":"product_brand","embeddable":true,"href":"https:\/\/www.antoinekaram.com\/fr\/wp-json\/wp\/v2\/product_brand?post=9581"},{"taxonomy":"product_cat","embeddable":true,"href":"https:\/\/www.antoinekaram.com\/fr\/wp-json\/wp\/v2\/product_cat?post=9581"},{"taxonomy":"product_tag","embeddable":true,"href":"https:\/\/www.antoinekaram.com\/fr\/wp-json\/wp\/v2\/product_tag?post=9581"}],"curies":[{"name":"wp","href":"https:\/\/api.w.org\/{rel}","templated":true}]}}