{"id":9547,"date":"2022-11-06T21:01:05","date_gmt":"2022-11-06T19:01:05","guid":{"rendered":"https:\/\/www.antoinekaram.com\/product\/ensemble-de-couette-levico\/"},"modified":"2025-05-17T17:53:43","modified_gmt":"2025-05-17T14:53:43","slug":"ensemble-de-couette-levico","status":"publish","type":"product","link":"https:\/\/www.antoinekaram.com\/fr\/produit\/ensemble-de-couette-levico\/","title":{"rendered":"Ensemble de couette Levico"},"content":{"rendered":"<div data-pm-slice=\"1 1 []\" data-en-clipboard=\"true\">\n<h3>Notre ensemble de couette Levico comprend 6 pi\u00e8ces :<\/h3>\n<ul>\n<li>1 housse de couette brod\u00e9e<\/li>\n<li>1 feuille de fond unie<\/li>\n<li>2 taies d&rsquo;oreiller avec d\u00e9tails brod\u00e9s<\/li>\n<li>2 taies d&rsquo;oreiller unies<\/li>\n<\/ul>\n<h3>Informations sur les mat\u00e9riaux du produit :<\/h3>\n<ul>\n<li>Textiles italiens les plus raffin\u00e9s.<\/li>\n<li>Certifi\u00e9 OEKO-TEX.<\/li>\n<\/ul>\n<p>Vous avez besoin de pi\u00e8ces suppl\u00e9mentaires ou de personnalisation ? Notre service sur mesure est disponible pour adapter votre ensemble \u00e0 vos besoins sp\u00e9cifiques.<\/p>\n<\/div>\n","protected":false},"excerpt":{"rendered":"<p>Cet ensemble donne vie \u00e0 nos broderies embl\u00e9matiques sur un luxueux satin de coton longuement agraf\u00e9, offrant une \u00e9l\u00e9gance et une durabilit\u00e9 intemporelles. Con\u00e7ue dans une palette de couleurs blanche et noire, la housse de couette Levico allie sophistication moderne et attrait classique, ce qui en fait une pi\u00e8ce de choix pour toute chambre \u00e0 coucher.<\/p>\n","protected":false},"featured_media":7169,"comment_status":"open","ping_status":"closed","template":"","meta":{"_joinchat":[]},"product_brand":[],"product_cat":[300,303],"product_tag":[],"class_list":{"0":"post-9547","1":"product","2":"type-product","3":"status-publish","4":"has-post-thumbnail","6":"product_cat-ensembles-de-couettes","7":"product_cat-intemporel","8":"pa_fabric-satin-de-coton-1010","9":"pa_fabric-satin-de-coton-300","10":"pa_fabric-satin-de-coton-600","11":"pa_fabric-satin-de-coton-715","13":"first","14":"instock","15":"shipping-taxable","16":"purchasable","17":"product-type-variable"},"_links":{"self":[{"href":"https:\/\/www.antoinekaram.com\/fr\/wp-json\/wp\/v2\/product\/9547","targetHints":{"allow":["GET"]}}],"collection":[{"href":"https:\/\/www.antoinekaram.com\/fr\/wp-json\/wp\/v2\/product"}],"about":[{"href":"https:\/\/www.antoinekaram.com\/fr\/wp-json\/wp\/v2\/types\/product"}],"replies":[{"embeddable":true,"href":"https:\/\/www.antoinekaram.com\/fr\/wp-json\/wp\/v2\/comments?post=9547"}],"wp:featuredmedia":[{"embeddable":true,"href":"https:\/\/www.antoinekaram.com\/fr\/wp-json\/wp\/v2\/media\/7169"}],"wp:attachment":[{"href":"https:\/\/www.antoinekaram.com\/fr\/wp-json\/wp\/v2\/media?parent=9547"}],"wp:term":[{"taxonomy":"product_brand","embeddable":true,"href":"https:\/\/www.antoinekaram.com\/fr\/wp-json\/wp\/v2\/product_brand?post=9547"},{"taxonomy":"product_cat","embeddable":true,"href":"https:\/\/www.antoinekaram.com\/fr\/wp-json\/wp\/v2\/product_cat?post=9547"},{"taxonomy":"product_tag","embeddable":true,"href":"https:\/\/www.antoinekaram.com\/fr\/wp-json\/wp\/v2\/product_tag?post=9547"}],"curies":[{"name":"wp","href":"https:\/\/api.w.org\/{rel}","templated":true}]}}