{"id":9530,"date":"2022-11-06T21:01:09","date_gmt":"2022-11-06T19:01:09","guid":{"rendered":"https:\/\/www.antoinekaram.com\/product\/3-lignes-ensemble-de-couette\/"},"modified":"2025-05-26T00:40:13","modified_gmt":"2025-05-25T21:40:13","slug":"3-lignes-ensemble-de-couette","status":"publish","type":"product","link":"https:\/\/www.antoinekaram.com\/fr\/produit\/3-lignes-ensemble-de-couette\/","title":{"rendered":"3 lignes Ensemble de Couette"},"content":{"rendered":"<h3>Notre ensemble de couettes comprend 6 pi\u00e8ces :<\/h3>\n<ul>\n<li>1 feuille inf\u00e9rieure<\/li>\n<li>1 housse de couette avec bonde<\/li>\n<li>2 taies d&rsquo;oreiller unies (50&#215;70 cm)<\/li>\n<li>2 taies d&rsquo;oreiller avec bonde (50&#215;70 cm)<\/li>\n<\/ul>\n<h3>Informations sur les mat\u00e9riaux du produit :<\/h3>\n<ul>\n<li>Textiles italiens les plus raffin\u00e9s.<\/li>\n<li>Certifi\u00e9 OEKO-TEX.<\/li>\n<\/ul>\n<p>Vous recherchez une exp\u00e9rience sur mesure ? Notre service sur mesure peut adapter votre set \u00e0 vos pr\u00e9f\u00e9rences sp\u00e9cifiques.<\/p>\n","protected":false},"excerpt":{"rendered":"<p>Nos broderies embl\u00e9matiques prennent vie sur notre drap de lit en satin de coton longue dur\u00e9e pour une long\u00e9vit\u00e9 intemporelle dans votre chambre \u00e0 coucher.<\/p>\n","protected":false},"featured_media":7119,"comment_status":"open","ping_status":"closed","template":"","meta":{"_joinchat":[]},"product_brand":[],"product_cat":[300,303],"product_tag":[],"class_list":{"0":"post-9530","1":"product","2":"type-product","3":"status-publish","4":"has-post-thumbnail","6":"product_cat-ensembles-de-couettes","7":"product_cat-intemporel","8":"pa_fabric-satin-de-coton-1010","9":"pa_fabric-satin-de-coton-300","10":"pa_fabric-satin-de-coton-600","11":"pa_fabric-satin-de-coton-715","13":"first","14":"instock","15":"shipping-taxable","16":"purchasable","17":"product-type-variable"},"_links":{"self":[{"href":"https:\/\/www.antoinekaram.com\/fr\/wp-json\/wp\/v2\/product\/9530","targetHints":{"allow":["GET"]}}],"collection":[{"href":"https:\/\/www.antoinekaram.com\/fr\/wp-json\/wp\/v2\/product"}],"about":[{"href":"https:\/\/www.antoinekaram.com\/fr\/wp-json\/wp\/v2\/types\/product"}],"replies":[{"embeddable":true,"href":"https:\/\/www.antoinekaram.com\/fr\/wp-json\/wp\/v2\/comments?post=9530"}],"wp:featuredmedia":[{"embeddable":true,"href":"https:\/\/www.antoinekaram.com\/fr\/wp-json\/wp\/v2\/media\/7119"}],"wp:attachment":[{"href":"https:\/\/www.antoinekaram.com\/fr\/wp-json\/wp\/v2\/media?parent=9530"}],"wp:term":[{"taxonomy":"product_brand","embeddable":true,"href":"https:\/\/www.antoinekaram.com\/fr\/wp-json\/wp\/v2\/product_brand?post=9530"},{"taxonomy":"product_cat","embeddable":true,"href":"https:\/\/www.antoinekaram.com\/fr\/wp-json\/wp\/v2\/product_cat?post=9530"},{"taxonomy":"product_tag","embeddable":true,"href":"https:\/\/www.antoinekaram.com\/fr\/wp-json\/wp\/v2\/product_tag?post=9530"}],"curies":[{"name":"wp","href":"https:\/\/api.w.org\/{rel}","templated":true}]}}