{"id":9513,"date":"2022-11-06T21:01:09","date_gmt":"2022-11-06T19:01:09","guid":{"rendered":"https:\/\/www.antoinekaram.com\/product\/vico-ensemble-de-couette\/"},"modified":"2025-05-26T01:10:46","modified_gmt":"2025-05-25T22:10:46","slug":"vico-ensemble-de-couette","status":"publish","type":"product","link":"https:\/\/www.antoinekaram.com\/fr\/produit\/vico-ensemble-de-couette\/","title":{"rendered":"Vico Ensemble de Couette"},"content":{"rendered":"<h3>Notre ensemble de couette Vico comprend 6 pi\u00e8ces :<\/h3>\n<ul>\n<li>1 housse de couette brod\u00e9e<\/li>\n<li>1 feuille de fond unie<\/li>\n<li>2 taies d&rsquo;oreiller avec d\u00e9tails brod\u00e9s<\/li>\n<li>2 taies d&rsquo;oreiller unies<\/li>\n<\/ul>\n<h3>Informations sur les mat\u00e9riaux du produit :<\/h3>\n<ul>\n<li>Textiles italiens les plus raffin\u00e9s.<\/li>\n<li>Certifi\u00e9 OEKO-TEX.<\/li>\n<\/ul>\n<p>Vous souhaitez personnaliser votre coffret ? Notre service sur mesure vous permet d&rsquo;ajouter des pi\u00e8ces suppl\u00e9mentaires en fonction de vos pr\u00e9f\u00e9rences.<\/p>\n","protected":false},"excerpt":{"rendered":"<p>L&rsquo;ensemble de couettes Vico allie l&rsquo;\u00e9l\u00e9gance moderne \u00e0 un design intemporel. Il se compose d&rsquo;un satin de coton d&rsquo;un blanc \u00e9clatant, orn\u00e9 de d\u00e9tails ajour\u00e9s noirs \u00e9l\u00e9gants. Ses lignes \u00e9pur\u00e9es et sa simplicit\u00e9 raffin\u00e9e en font un choix id\u00e9al pour ceux qui appr\u00e9cient la sophistication subtile dans la d\u00e9coration de leur chambre \u00e0 coucher.<\/p>\n","protected":false},"featured_media":7444,"comment_status":"open","ping_status":"closed","template":"","meta":{"_joinchat":[]},"product_brand":[],"product_cat":[300,303],"product_tag":[],"class_list":{"0":"post-9513","1":"product","2":"type-product","3":"status-publish","4":"has-post-thumbnail","6":"product_cat-ensembles-de-couettes","7":"product_cat-intemporel","8":"pa_fabric-satin-de-coton-1010","9":"pa_fabric-satin-de-coton-300","10":"pa_fabric-satin-de-coton-600","11":"pa_fabric-satin-de-coton-715","13":"first","14":"instock","15":"shipping-taxable","16":"purchasable","17":"product-type-variable"},"_links":{"self":[{"href":"https:\/\/www.antoinekaram.com\/fr\/wp-json\/wp\/v2\/product\/9513","targetHints":{"allow":["GET"]}}],"collection":[{"href":"https:\/\/www.antoinekaram.com\/fr\/wp-json\/wp\/v2\/product"}],"about":[{"href":"https:\/\/www.antoinekaram.com\/fr\/wp-json\/wp\/v2\/types\/product"}],"replies":[{"embeddable":true,"href":"https:\/\/www.antoinekaram.com\/fr\/wp-json\/wp\/v2\/comments?post=9513"}],"wp:featuredmedia":[{"embeddable":true,"href":"https:\/\/www.antoinekaram.com\/fr\/wp-json\/wp\/v2\/media\/7444"}],"wp:attachment":[{"href":"https:\/\/www.antoinekaram.com\/fr\/wp-json\/wp\/v2\/media?parent=9513"}],"wp:term":[{"taxonomy":"product_brand","embeddable":true,"href":"https:\/\/www.antoinekaram.com\/fr\/wp-json\/wp\/v2\/product_brand?post=9513"},{"taxonomy":"product_cat","embeddable":true,"href":"https:\/\/www.antoinekaram.com\/fr\/wp-json\/wp\/v2\/product_cat?post=9513"},{"taxonomy":"product_tag","embeddable":true,"href":"https:\/\/www.antoinekaram.com\/fr\/wp-json\/wp\/v2\/product_tag?post=9513"}],"curies":[{"name":"wp","href":"https:\/\/api.w.org\/{rel}","templated":true}]}}