{"id":9462,"date":"2022-11-06T21:01:04","date_gmt":"2022-11-06T19:01:04","guid":{"rendered":"https:\/\/www.antoinekaram.com\/product\/cinque-duo-ensemble-de-couette\/"},"modified":"2025-05-26T00:54:21","modified_gmt":"2025-05-25T21:54:21","slug":"cinque-duo-ensemble-de-couette","status":"publish","type":"product","link":"https:\/\/www.antoinekaram.com\/fr\/produit\/cinque-duo-ensemble-de-couette\/","title":{"rendered":"Cinque Duo Ensemble de Couette"},"content":{"rendered":"<h3>Notre ensemble de couette Cinque Duo comprend 6 pi\u00e8ces :<\/h3>\n<ul>\n<li>1 housse de couette brod\u00e9e<\/li>\n<li>1 feuille de fond unie<\/li>\n<li>2 taies d&rsquo;oreiller avec d\u00e9tails brod\u00e9s<\/li>\n<li>2 taies d&rsquo;oreiller unies<\/li>\n<\/ul>\n<h3>Informations sur les mat\u00e9riaux du produit :<\/h3>\n<ul>\n<li>Textiles italiens les plus raffin\u00e9s.<\/li>\n<li>Certifi\u00e9 OEKO-TEX.<\/li>\n<\/ul>\n<p>Vous pouvez personnaliser votre set en ajoutant des pi\u00e8ces suppl\u00e9mentaires selon vos pr\u00e9f\u00e9rences.<\/p>\n","protected":false},"excerpt":{"rendered":"<p>L&rsquo;ensemble de couette Cinque Duo est compos\u00e9 d&rsquo;un luxueux satin de coton longuement agraf\u00e9, mis en valeur par une bordure contrastante bicolore sur du coton blanc, accentu\u00e9e par des d\u00e9tails ajour\u00e9s raffin\u00e9s. Ce design \u00e9l\u00e9gant s&rsquo;int\u00e8gre parfaitement \u00e0 tout int\u00e9rieur moderne. La bordure peut \u00eatre dispos\u00e9e en forme de U, en contournant la housse de couette le long des bords inf\u00e9rieurs, ou plac\u00e9e sur la partie sup\u00e9rieure pour un look plus minimaliste.<\/p>\n","protected":false},"featured_media":7156,"comment_status":"open","ping_status":"closed","template":"","meta":{"_joinchat":[]},"product_brand":[],"product_cat":[300,303],"product_tag":[],"class_list":{"0":"post-9462","1":"product","2":"type-product","3":"status-publish","4":"has-post-thumbnail","6":"product_cat-ensembles-de-couettes","7":"product_cat-intemporel","8":"pa_fabric-satin-de-coton-1010","9":"pa_fabric-satin-de-coton-300","10":"pa_fabric-satin-de-coton-600","11":"pa_fabric-satin-de-coton-715","13":"first","14":"instock","15":"shipping-taxable","16":"purchasable","17":"product-type-variable"},"_links":{"self":[{"href":"https:\/\/www.antoinekaram.com\/fr\/wp-json\/wp\/v2\/product\/9462","targetHints":{"allow":["GET"]}}],"collection":[{"href":"https:\/\/www.antoinekaram.com\/fr\/wp-json\/wp\/v2\/product"}],"about":[{"href":"https:\/\/www.antoinekaram.com\/fr\/wp-json\/wp\/v2\/types\/product"}],"replies":[{"embeddable":true,"href":"https:\/\/www.antoinekaram.com\/fr\/wp-json\/wp\/v2\/comments?post=9462"}],"wp:featuredmedia":[{"embeddable":true,"href":"https:\/\/www.antoinekaram.com\/fr\/wp-json\/wp\/v2\/media\/7156"}],"wp:attachment":[{"href":"https:\/\/www.antoinekaram.com\/fr\/wp-json\/wp\/v2\/media?parent=9462"}],"wp:term":[{"taxonomy":"product_brand","embeddable":true,"href":"https:\/\/www.antoinekaram.com\/fr\/wp-json\/wp\/v2\/product_brand?post=9462"},{"taxonomy":"product_cat","embeddable":true,"href":"https:\/\/www.antoinekaram.com\/fr\/wp-json\/wp\/v2\/product_cat?post=9462"},{"taxonomy":"product_tag","embeddable":true,"href":"https:\/\/www.antoinekaram.com\/fr\/wp-json\/wp\/v2\/product_tag?post=9462"}],"curies":[{"name":"wp","href":"https:\/\/api.w.org\/{rel}","templated":true}]}}