{"id":9445,"date":"2022-11-06T21:01:03","date_gmt":"2022-11-06T19:01:03","guid":{"rendered":"https:\/\/www.antoinekaram.com\/product\/ensemble-de-couette-baggio\/"},"modified":"2025-05-26T00:45:27","modified_gmt":"2025-05-25T21:45:27","slug":"ensemble-de-couette-baggio","status":"publish","type":"product","link":"https:\/\/www.antoinekaram.com\/fr\/produit\/ensemble-de-couette-baggio\/","title":{"rendered":"Ensemble de couette Baggio"},"content":{"rendered":"<h3>Notre ensemble de couettes Baggio comprend 6 pi\u00e8ces :<\/h3>\n<ul>\n<li>1 feuille inf\u00e9rieure<\/li>\n<li>1 housse de couette avec bonde<\/li>\n<li>2 taies d&rsquo;oreiller unies (50&#215;70 cm)<\/li>\n<li>2 taies d&rsquo;oreiller avec bonde (50&#215;70 cm)<\/li>\n<\/ul>\n<h3>Informations sur les mat\u00e9riaux du produit :<\/h3>\n<ul>\n<li>Textiles italiens les plus raffin\u00e9s.<\/li>\n<li>Certifi\u00e9 OEKO-TEX.<\/li>\n<\/ul>\n<p>*Notre service sur mesure est disponible pour ceux qui souhaitent adapter l&rsquo;ensemble \u00e0 leurs besoins sp\u00e9cifiques.<\/p>\n","protected":false},"excerpt":{"rendered":"<p>L&rsquo;alliance parfaite du design minimaliste et de la qualit\u00e9 durable avec notre ensemble de couette en satin de coton \u00e0 longues fibres. Elle se caract\u00e9rise par des tons subtils de beige et de blanc et par nos broderies embl\u00e9matiques et modernes.<\/p>\n","protected":false},"featured_media":7139,"comment_status":"open","ping_status":"closed","template":"","meta":{"_joinchat":[]},"product_brand":[],"product_cat":[300,303,299],"product_tag":[],"class_list":{"0":"post-9445","1":"product","2":"type-product","3":"status-publish","4":"has-post-thumbnail","6":"product_cat-ensembles-de-couettes","7":"product_cat-intemporel","8":"product_cat-linge-de-lit","9":"pa_fabric-satin-de-coton-1010","10":"pa_fabric-satin-de-coton-300","11":"pa_fabric-satin-de-coton-600","12":"pa_fabric-satin-de-coton-715","14":"first","15":"instock","16":"shipping-taxable","17":"purchasable","18":"product-type-variable"},"_links":{"self":[{"href":"https:\/\/www.antoinekaram.com\/fr\/wp-json\/wp\/v2\/product\/9445","targetHints":{"allow":["GET"]}}],"collection":[{"href":"https:\/\/www.antoinekaram.com\/fr\/wp-json\/wp\/v2\/product"}],"about":[{"href":"https:\/\/www.antoinekaram.com\/fr\/wp-json\/wp\/v2\/types\/product"}],"replies":[{"embeddable":true,"href":"https:\/\/www.antoinekaram.com\/fr\/wp-json\/wp\/v2\/comments?post=9445"}],"wp:featuredmedia":[{"embeddable":true,"href":"https:\/\/www.antoinekaram.com\/fr\/wp-json\/wp\/v2\/media\/7139"}],"wp:attachment":[{"href":"https:\/\/www.antoinekaram.com\/fr\/wp-json\/wp\/v2\/media?parent=9445"}],"wp:term":[{"taxonomy":"product_brand","embeddable":true,"href":"https:\/\/www.antoinekaram.com\/fr\/wp-json\/wp\/v2\/product_brand?post=9445"},{"taxonomy":"product_cat","embeddable":true,"href":"https:\/\/www.antoinekaram.com\/fr\/wp-json\/wp\/v2\/product_cat?post=9445"},{"taxonomy":"product_tag","embeddable":true,"href":"https:\/\/www.antoinekaram.com\/fr\/wp-json\/wp\/v2\/product_tag?post=9445"}],"curies":[{"name":"wp","href":"https:\/\/api.w.org\/{rel}","templated":true}]}}