{"id":9373,"date":"2022-11-06T16:43:07","date_gmt":"2022-11-06T14:43:07","guid":{"rendered":"https:\/\/www.antoinekaram.com\/product\/jaipur-ensemble-de-couette\/"},"modified":"2025-05-12T08:06:39","modified_gmt":"2025-05-12T05:06:39","slug":"jaipur-ensemble-de-couette","status":"publish","type":"product","link":"https:\/\/www.antoinekaram.com\/fr\/produit\/jaipur-ensemble-de-couette\/","title":{"rendered":"Jaipur Ensemble de Couette"},"content":{"rendered":"<h3>L&rsquo;ensemble de couette Jaipur est compos\u00e9 de 6 pi\u00e8ces :<\/h3>\n<ul>\n<li>1 housse de couette brod\u00e9e (fermeture par bouton sur le bord)<\/li>\n<li>1 drap de dessous uni (drap plat)<\/li>\n<li>2 taies d&rsquo;oreiller brod\u00e9es avec d\u00e9tails ajour\u00e9s<\/li>\n<li>2 taies d&rsquo;oreiller unies avec d\u00e9tails ajour\u00e9s<\/li>\n<\/ul>\n<h3>Dimensions du produit :<\/h3>\n<ul>\n<li>Taies d&rsquo;oreiller : 50 x 75 cm, mesure de la bride : 8 cm * vendu sans le rembourrage.<\/li>\n<\/ul>\n<h3>Informations sur les mat\u00e9riaux du produit :<\/h3>\n<ul>\n<li>100% satin de coton<\/li>\n<li>Textiles italiens les plus raffin\u00e9s.<\/li>\n<li>Certifi\u00e9 OEKO-TEX.<\/li>\n<\/ul>\n<p>*Vous pouvez choisir de personnaliser votre set en y ajoutant des pi\u00e8ces suppl\u00e9mentaires.<\/p>\n","protected":false},"excerpt":{"rendered":"<p>Inspir\u00e9es par l&rsquo;architecture et la ferronnerie de la Renaissance, nos broderies ornementales incarnent un aspect intemporel et sophistiqu\u00e9, mettant en valeur votre maison avec un style \u00e9l\u00e9gant et un luxe classique.<\/p>\n","protected":false},"featured_media":7186,"comment_status":"open","ping_status":"closed","template":"","meta":{"_joinchat":[]},"product_brand":[],"product_cat":[300,302],"product_tag":[],"class_list":{"0":"post-9373","1":"product","2":"type-product","3":"status-publish","4":"has-post-thumbnail","6":"product_cat-ensembles-de-couettes","7":"product_cat-ornementale","8":"pa_fabric-satin-de-coton-1010","9":"pa_fabric-satin-de-coton-300","10":"pa_fabric-satin-de-coton-600","11":"pa_fabric-satin-de-coton-715","13":"first","14":"instock","15":"shipping-taxable","16":"purchasable","17":"product-type-variable"},"_links":{"self":[{"href":"https:\/\/www.antoinekaram.com\/fr\/wp-json\/wp\/v2\/product\/9373","targetHints":{"allow":["GET"]}}],"collection":[{"href":"https:\/\/www.antoinekaram.com\/fr\/wp-json\/wp\/v2\/product"}],"about":[{"href":"https:\/\/www.antoinekaram.com\/fr\/wp-json\/wp\/v2\/types\/product"}],"replies":[{"embeddable":true,"href":"https:\/\/www.antoinekaram.com\/fr\/wp-json\/wp\/v2\/comments?post=9373"}],"wp:featuredmedia":[{"embeddable":true,"href":"https:\/\/www.antoinekaram.com\/fr\/wp-json\/wp\/v2\/media\/7186"}],"wp:attachment":[{"href":"https:\/\/www.antoinekaram.com\/fr\/wp-json\/wp\/v2\/media?parent=9373"}],"wp:term":[{"taxonomy":"product_brand","embeddable":true,"href":"https:\/\/www.antoinekaram.com\/fr\/wp-json\/wp\/v2\/product_brand?post=9373"},{"taxonomy":"product_cat","embeddable":true,"href":"https:\/\/www.antoinekaram.com\/fr\/wp-json\/wp\/v2\/product_cat?post=9373"},{"taxonomy":"product_tag","embeddable":true,"href":"https:\/\/www.antoinekaram.com\/fr\/wp-json\/wp\/v2\/product_tag?post=9373"}],"curies":[{"name":"wp","href":"https:\/\/api.w.org\/{rel}","templated":true}]}}