{"id":9343,"date":"2023-12-04T13:04:02","date_gmt":"2023-12-04T11:04:02","guid":{"rendered":"https:\/\/www.antoinekaram.com\/product\/land-ensemble-de-couette\/"},"modified":"2025-05-08T05:50:24","modified_gmt":"2025-05-08T02:50:24","slug":"land-ensemble-de-couette","status":"publish","type":"product","link":"https:\/\/www.antoinekaram.com\/fr\/produit\/land-ensemble-de-couette\/","title":{"rendered":"Land Ensemble de Couette"},"content":{"rendered":"<h3>Notre ensemble de couettes Land est compos\u00e9 de 6 pi\u00e8ces :<\/h3>\n<ul>\n<li>1 housse de couette en micro modal<\/li>\n<li>1 drap de fond en micro modal uni<\/li>\n<li>4 taies d&rsquo;oreiller en micro modal avec d\u00e9tails ajour\u00e9s<\/li>\n<\/ul>\n<h3>Informations sur les mat\u00e9riaux du produit :<\/h3>\n<ul>\n<li>Doux et l\u00e9ger.<\/li>\n<li>Respirant.<\/li>\n<li>Hypoallerg\u00e9nique.<\/li>\n<li>Propri\u00e9t\u00e9s antibact\u00e9riennes pour aider \u00e0 r\u00e9guler la temp\u00e9rature corporelle.<\/li>\n<li>Doux comme de la soie et id\u00e9al pour un sommeil frais et rafra\u00eechissant.<\/li>\n<li>texture luxueuse du micro-modal.<\/li>\n<li>Textiles italiens les plus raffin\u00e9s.<\/li>\n<li>Certifi\u00e9 OEKO-TEX.<\/li>\n<\/ul>\n","protected":false},"excerpt":{"rendered":"<p>D\u00e9couvrez le summum du confort et du luxe avec l&rsquo;<strong>ensemble de couette Land<\/strong> de notre collection Carezza Capsule. <strong>Notre housse de couette, nos taies d&rsquo;oreiller et nos draps en micro-modal<\/strong> sont doux, l\u00e9gers et incroyablement lisses, offrant un environnement parfait pour un sommeil r\u00e9parateur.<\/p>\n","protected":false},"featured_media":7902,"comment_status":"open","ping_status":"closed","template":"","meta":{"_joinchat":[]},"product_brand":[],"product_cat":[301,300,299],"product_tag":[],"class_list":{"0":"post-9343","1":"product","2":"type-product","3":"status-publish","4":"has-post-thumbnail","6":"product_cat-carezza-fr","7":"product_cat-ensembles-de-couettes","8":"product_cat-linge-de-lit","9":"pa_size-californie-240-x-260-cm","10":"pa_size-king-220-x-240-cm-fr","12":"first","13":"instock","14":"shipping-taxable","15":"purchasable","16":"product-type-variable"},"_links":{"self":[{"href":"https:\/\/www.antoinekaram.com\/fr\/wp-json\/wp\/v2\/product\/9343","targetHints":{"allow":["GET"]}}],"collection":[{"href":"https:\/\/www.antoinekaram.com\/fr\/wp-json\/wp\/v2\/product"}],"about":[{"href":"https:\/\/www.antoinekaram.com\/fr\/wp-json\/wp\/v2\/types\/product"}],"replies":[{"embeddable":true,"href":"https:\/\/www.antoinekaram.com\/fr\/wp-json\/wp\/v2\/comments?post=9343"}],"wp:featuredmedia":[{"embeddable":true,"href":"https:\/\/www.antoinekaram.com\/fr\/wp-json\/wp\/v2\/media\/7902"}],"wp:attachment":[{"href":"https:\/\/www.antoinekaram.com\/fr\/wp-json\/wp\/v2\/media?parent=9343"}],"wp:term":[{"taxonomy":"product_brand","embeddable":true,"href":"https:\/\/www.antoinekaram.com\/fr\/wp-json\/wp\/v2\/product_brand?post=9343"},{"taxonomy":"product_cat","embeddable":true,"href":"https:\/\/www.antoinekaram.com\/fr\/wp-json\/wp\/v2\/product_cat?post=9343"},{"taxonomy":"product_tag","embeddable":true,"href":"https:\/\/www.antoinekaram.com\/fr\/wp-json\/wp\/v2\/product_tag?post=9343"}],"curies":[{"name":"wp","href":"https:\/\/api.w.org\/{rel}","templated":true}]}}