{"id":9309,"date":"2022-10-26T19:24:03","date_gmt":"2022-10-26T16:24:03","guid":{"rendered":"https:\/\/www.antoinekaram.com\/product\/serviette-de-plage-blanche-avec-bordure-grise-en-satin-de-coton\/"},"modified":"2025-10-15T10:24:18","modified_gmt":"2025-10-15T07:24:18","slug":"serviette-de-plage-blanche-avec-bordure-grise-en-satin-de-coton","status":"publish","type":"product","link":"https:\/\/www.antoinekaram.com\/fr\/produit\/serviette-de-plage-blanche-avec-bordure-grise-en-satin-de-coton\/","title":{"rendered":"Serviette de plage blanche avec bordure grise en satin de coton"},"content":{"rendered":"","protected":false},"excerpt":{"rendered":"<p>Profitez du confort et du luxe lorsque vous vous allongez sur la plage ou au bord de la piscine. Notre serviette de plage blanche est dot\u00e9e d&rsquo;une bordure grise contrastante \u00e9l\u00e9gante, fabriqu\u00e9e \u00e0 partir de coton \u00e9ponge 100 % absorbant.<\/p>\n","protected":false},"featured_media":7582,"comment_status":"open","ping_status":"closed","template":"","meta":{"_joinchat":[]},"product_brand":[],"product_cat":[298],"product_tag":[],"class_list":{"0":"post-9309","1":"product","2":"type-product","3":"status-publish","4":"has-post-thumbnail","6":"product_cat-serviettes-de-plage","8":"first","9":"instock","10":"shipping-taxable","11":"purchasable","12":"product-type-variable"},"_links":{"self":[{"href":"https:\/\/www.antoinekaram.com\/fr\/wp-json\/wp\/v2\/product\/9309","targetHints":{"allow":["GET"]}}],"collection":[{"href":"https:\/\/www.antoinekaram.com\/fr\/wp-json\/wp\/v2\/product"}],"about":[{"href":"https:\/\/www.antoinekaram.com\/fr\/wp-json\/wp\/v2\/types\/product"}],"replies":[{"embeddable":true,"href":"https:\/\/www.antoinekaram.com\/fr\/wp-json\/wp\/v2\/comments?post=9309"}],"wp:featuredmedia":[{"embeddable":true,"href":"https:\/\/www.antoinekaram.com\/fr\/wp-json\/wp\/v2\/media\/7582"}],"wp:attachment":[{"href":"https:\/\/www.antoinekaram.com\/fr\/wp-json\/wp\/v2\/media?parent=9309"}],"wp:term":[{"taxonomy":"product_brand","embeddable":true,"href":"https:\/\/www.antoinekaram.com\/fr\/wp-json\/wp\/v2\/product_brand?post=9309"},{"taxonomy":"product_cat","embeddable":true,"href":"https:\/\/www.antoinekaram.com\/fr\/wp-json\/wp\/v2\/product_cat?post=9309"},{"taxonomy":"product_tag","embeddable":true,"href":"https:\/\/www.antoinekaram.com\/fr\/wp-json\/wp\/v2\/product_tag?post=9309"}],"curies":[{"name":"wp","href":"https:\/\/api.w.org\/{rel}","templated":true}]}}