{"id":9297,"date":"2022-10-26T19:24:03","date_gmt":"2022-10-26T16:24:03","guid":{"rendered":"https:\/\/www.antoinekaram.com\/product\/serviette-de-plage-noire-avec-bordure-blanche\/"},"modified":"2025-10-14T11:40:43","modified_gmt":"2025-10-14T08:40:43","slug":"serviette-de-plage-noire-avec-bordure-blanche","status":"publish","type":"product","link":"https:\/\/www.antoinekaram.com\/fr\/produit\/serviette-de-plage-noire-avec-bordure-blanche\/","title":{"rendered":"Serviette de plage noire avec bordure blanche"},"content":{"rendered":"","protected":false},"excerpt":{"rendered":"<p>Profitez du confort et du luxe en vous allongeant sur la plage ou au bord de la piscine. Notre \u00e9l\u00e9gante serviette de plage noire pr\u00e9sente une large bordure blanche contrast\u00e9e, fabriqu\u00e9e en coton \u00e9ponge 100 % absorbant.<\/p>\n","protected":false},"featured_media":7595,"comment_status":"open","ping_status":"closed","template":"","meta":{"_joinchat":[]},"product_brand":[],"product_cat":[298],"product_tag":[],"class_list":{"0":"post-9297","1":"product","2":"type-product","3":"status-publish","4":"has-post-thumbnail","6":"product_cat-serviettes-de-plage","8":"first","9":"instock","10":"shipping-taxable","11":"purchasable","12":"product-type-variable"},"_links":{"self":[{"href":"https:\/\/www.antoinekaram.com\/fr\/wp-json\/wp\/v2\/product\/9297","targetHints":{"allow":["GET"]}}],"collection":[{"href":"https:\/\/www.antoinekaram.com\/fr\/wp-json\/wp\/v2\/product"}],"about":[{"href":"https:\/\/www.antoinekaram.com\/fr\/wp-json\/wp\/v2\/types\/product"}],"replies":[{"embeddable":true,"href":"https:\/\/www.antoinekaram.com\/fr\/wp-json\/wp\/v2\/comments?post=9297"}],"wp:featuredmedia":[{"embeddable":true,"href":"https:\/\/www.antoinekaram.com\/fr\/wp-json\/wp\/v2\/media\/7595"}],"wp:attachment":[{"href":"https:\/\/www.antoinekaram.com\/fr\/wp-json\/wp\/v2\/media?parent=9297"}],"wp:term":[{"taxonomy":"product_brand","embeddable":true,"href":"https:\/\/www.antoinekaram.com\/fr\/wp-json\/wp\/v2\/product_brand?post=9297"},{"taxonomy":"product_cat","embeddable":true,"href":"https:\/\/www.antoinekaram.com\/fr\/wp-json\/wp\/v2\/product_cat?post=9297"},{"taxonomy":"product_tag","embeddable":true,"href":"https:\/\/www.antoinekaram.com\/fr\/wp-json\/wp\/v2\/product_tag?post=9297"}],"curies":[{"name":"wp","href":"https:\/\/api.w.org\/{rel}","templated":true}]}}