{"id":9293,"date":"2022-10-26T19:24:03","date_gmt":"2022-10-26T16:24:03","guid":{"rendered":"https:\/\/www.antoinekaram.com\/product\/serviette-de-plage-turquoise\/"},"modified":"2025-10-15T09:39:58","modified_gmt":"2025-10-15T06:39:58","slug":"serviette-de-plage-turquoise","status":"publish","type":"product","link":"https:\/\/www.antoinekaram.com\/fr\/produit\/serviette-de-plage-turquoise\/","title":{"rendered":"Serviette de plage Turquoise"},"content":{"rendered":"","protected":false},"excerpt":{"rendered":"<p>Une combinaison parfaite pour vos activit\u00e9s \u00e0 la plage et \u00e0 la piscine. Notre serviette de plage turquoise est fabriqu\u00e9e en coton \u00e9ponge absorbant et doux.<\/p>\n","protected":false},"featured_media":7596,"comment_status":"open","ping_status":"closed","template":"","meta":{"_joinchat":[]},"product_brand":[],"product_cat":[298],"product_tag":[],"class_list":{"0":"post-9293","1":"product","2":"type-product","3":"status-publish","4":"has-post-thumbnail","6":"product_cat-serviettes-de-plage","8":"first","9":"instock","10":"shipping-taxable","11":"purchasable","12":"product-type-variable"},"_links":{"self":[{"href":"https:\/\/www.antoinekaram.com\/fr\/wp-json\/wp\/v2\/product\/9293","targetHints":{"allow":["GET"]}}],"collection":[{"href":"https:\/\/www.antoinekaram.com\/fr\/wp-json\/wp\/v2\/product"}],"about":[{"href":"https:\/\/www.antoinekaram.com\/fr\/wp-json\/wp\/v2\/types\/product"}],"replies":[{"embeddable":true,"href":"https:\/\/www.antoinekaram.com\/fr\/wp-json\/wp\/v2\/comments?post=9293"}],"wp:featuredmedia":[{"embeddable":true,"href":"https:\/\/www.antoinekaram.com\/fr\/wp-json\/wp\/v2\/media\/7596"}],"wp:attachment":[{"href":"https:\/\/www.antoinekaram.com\/fr\/wp-json\/wp\/v2\/media?parent=9293"}],"wp:term":[{"taxonomy":"product_brand","embeddable":true,"href":"https:\/\/www.antoinekaram.com\/fr\/wp-json\/wp\/v2\/product_brand?post=9293"},{"taxonomy":"product_cat","embeddable":true,"href":"https:\/\/www.antoinekaram.com\/fr\/wp-json\/wp\/v2\/product_cat?post=9293"},{"taxonomy":"product_tag","embeddable":true,"href":"https:\/\/www.antoinekaram.com\/fr\/wp-json\/wp\/v2\/product_tag?post=9293"}],"curies":[{"name":"wp","href":"https:\/\/api.w.org\/{rel}","templated":true}]}}