{"id":9292,"date":"2024-04-19T11:23:59","date_gmt":"2024-04-19T08:23:59","guid":{"rendered":"https:\/\/www.antoinekaram.com\/product\/hermes-set-de-table\/"},"modified":"2025-10-16T00:22:06","modified_gmt":"2025-10-15T21:22:06","slug":"hermes-set-de-table","status":"publish","type":"product","link":"https:\/\/www.antoinekaram.com\/fr\/produit\/hermes-set-de-table\/","title":{"rendered":"Hermes Set de Table"},"content":{"rendered":"<p><strong>Set de table Info :<\/strong><\/p>\n<ul>\n<li>100% lin suisse.<\/li>\n<li>Dimensions du set de table : 38 x 49 cm.<\/li>\n<li>Dimensions de la serviette : 40 x 40 cm.<\/li>\n<li>Ajour Detailing<\/li>\n<\/ul>\n<p>*Chaque set de table est con\u00e7u avec sa serviette de table assortie pour un look harmonieux.<\/p>\n","protected":false},"excerpt":{"rendered":"<p>Herm\u00e8s, o\u00f9 le luxe rencontre la fonctionnalit\u00e9 sous la forme d&rsquo;un captivant set de table blanc orn\u00e9 d&rsquo;une exquise broderie dor\u00e9e. Ce set de table d\u00e9gage un sentiment de sophistication et de modernit\u00e9, \u00e9levant toute exp\u00e9rience culinaire \u00e0 de nouveaux sommets.<\/p>\n<p>Fabriqu\u00e9 avec une attention m\u00e9ticuleuse aux d\u00e9tails, le set de table Hermes pr\u00e9sente une combinaison parfaite de charme classique et de flair contemporain, cr\u00e9ant un contraste visuel \u00e9tonnant qui ne manquera pas de captiver l&rsquo;\u0153il.<\/p>\n","protected":false},"featured_media":7935,"comment_status":"closed","ping_status":"closed","template":"","meta":{"_joinchat":[]},"product_brand":[],"product_cat":[285,284],"product_tag":[287,286],"class_list":{"0":"post-9292","1":"product","2":"type-product","3":"status-publish","4":"has-post-thumbnail","6":"product_cat-sets-de-table-et-serviettes","7":"product_cat-linge-de-table","8":"product_tag-serviettes","9":"product_tag-sets-de-table","11":"first","12":"instock","13":"shipping-taxable","14":"purchasable","15":"product-type-simple"},"_links":{"self":[{"href":"https:\/\/www.antoinekaram.com\/fr\/wp-json\/wp\/v2\/product\/9292","targetHints":{"allow":["GET"]}}],"collection":[{"href":"https:\/\/www.antoinekaram.com\/fr\/wp-json\/wp\/v2\/product"}],"about":[{"href":"https:\/\/www.antoinekaram.com\/fr\/wp-json\/wp\/v2\/types\/product"}],"replies":[{"embeddable":true,"href":"https:\/\/www.antoinekaram.com\/fr\/wp-json\/wp\/v2\/comments?post=9292"}],"wp:featuredmedia":[{"embeddable":true,"href":"https:\/\/www.antoinekaram.com\/fr\/wp-json\/wp\/v2\/media\/7935"}],"wp:attachment":[{"href":"https:\/\/www.antoinekaram.com\/fr\/wp-json\/wp\/v2\/media?parent=9292"}],"wp:term":[{"taxonomy":"product_brand","embeddable":true,"href":"https:\/\/www.antoinekaram.com\/fr\/wp-json\/wp\/v2\/product_brand?post=9292"},{"taxonomy":"product_cat","embeddable":true,"href":"https:\/\/www.antoinekaram.com\/fr\/wp-json\/wp\/v2\/product_cat?post=9292"},{"taxonomy":"product_tag","embeddable":true,"href":"https:\/\/www.antoinekaram.com\/fr\/wp-json\/wp\/v2\/product_tag?post=9292"}],"curies":[{"name":"wp","href":"https:\/\/api.w.org\/{rel}","templated":true}]}}