{"id":9287,"date":"2024-04-19T11:56:32","date_gmt":"2024-04-19T08:56:32","guid":{"rendered":"https:\/\/www.antoinekaram.com\/product\/trois-lignes-set-de-table\/"},"modified":"2025-10-16T13:55:41","modified_gmt":"2025-10-16T10:55:41","slug":"trois-lignes-set-de-table","status":"publish","type":"product","link":"https:\/\/www.antoinekaram.com\/fr\/produit\/trois-lignes-set-de-table\/","title":{"rendered":"Trois lignes Set de Table"},"content":{"rendered":"<p><strong>Set de table Info :<\/strong><\/p>\n<ul>\n<li>100% lin suisse.<\/li>\n<li>Dimensions du set de table : 38 x 49 cm.<\/li>\n<li>Dimensions de la serviette : 40 x 40 cm.<\/li>\n<li>Ajour Detailing<\/li>\n<\/ul>\n<p>*Chaque set de table est con\u00e7u avec sa serviette de table assortie pour un look harmonieux.<\/p>\n","protected":false},"excerpt":{"rendered":"<p><span class=\"selectable-text copyable-text\">Notre trois lignes set de table, \u00e9l\u00e9gant et sophistiqu\u00e9, est un ajout intemporel \u00e0 votre d\u00e9cor de salle \u00e0 manger. <\/span><span class=\"selectable-text copyable-text\">Fabriqu\u00e9 dans un blanc \u00e9clatant avec trois lignes d\u00e9licatement brod\u00e9es d&rsquo;or, il exsude une \u00e9l\u00e9gance discr\u00e8te qui compl\u00e8te sans effort n&rsquo;importe quel d\u00e9cor de table.  <\/span><\/p>\n<p><span class=\"selectable-text copyable-text\">Minimaliste mais moderne, ce set de table ajoute une touche de luxe raffin\u00e9 \u00e0 chaque repas.<\/span><\/p>\n","protected":false},"featured_media":7938,"comment_status":"closed","ping_status":"closed","template":"","meta":{"_joinchat":[]},"product_brand":[],"product_cat":[285,284],"product_tag":[287,286],"class_list":{"0":"post-9287","1":"product","2":"type-product","3":"status-publish","4":"has-post-thumbnail","6":"product_cat-sets-de-table-et-serviettes","7":"product_cat-linge-de-table","8":"product_tag-serviettes","9":"product_tag-sets-de-table","11":"first","12":"instock","13":"shipping-taxable","14":"purchasable","15":"product-type-simple"},"_links":{"self":[{"href":"https:\/\/www.antoinekaram.com\/fr\/wp-json\/wp\/v2\/product\/9287","targetHints":{"allow":["GET"]}}],"collection":[{"href":"https:\/\/www.antoinekaram.com\/fr\/wp-json\/wp\/v2\/product"}],"about":[{"href":"https:\/\/www.antoinekaram.com\/fr\/wp-json\/wp\/v2\/types\/product"}],"replies":[{"embeddable":true,"href":"https:\/\/www.antoinekaram.com\/fr\/wp-json\/wp\/v2\/comments?post=9287"}],"wp:featuredmedia":[{"embeddable":true,"href":"https:\/\/www.antoinekaram.com\/fr\/wp-json\/wp\/v2\/media\/7938"}],"wp:attachment":[{"href":"https:\/\/www.antoinekaram.com\/fr\/wp-json\/wp\/v2\/media?parent=9287"}],"wp:term":[{"taxonomy":"product_brand","embeddable":true,"href":"https:\/\/www.antoinekaram.com\/fr\/wp-json\/wp\/v2\/product_brand?post=9287"},{"taxonomy":"product_cat","embeddable":true,"href":"https:\/\/www.antoinekaram.com\/fr\/wp-json\/wp\/v2\/product_cat?post=9287"},{"taxonomy":"product_tag","embeddable":true,"href":"https:\/\/www.antoinekaram.com\/fr\/wp-json\/wp\/v2\/product_tag?post=9287"}],"curies":[{"name":"wp","href":"https:\/\/api.w.org\/{rel}","templated":true}]}}