{"id":9274,"date":"2022-09-06T07:27:17","date_gmt":"2022-09-06T04:27:17","guid":{"rendered":"https:\/\/www.antoinekaram.com\/product\/deauville-set-de-table\/"},"modified":"2025-10-16T00:20:21","modified_gmt":"2025-10-15T21:20:21","slug":"deauville-set-de-table","status":"publish","type":"product","link":"https:\/\/www.antoinekaram.com\/fr\/produit\/deauville-set-de-table\/","title":{"rendered":"Deauville Set de Table"},"content":{"rendered":"<p><strong>Set de table Info :<\/strong><\/p>\n<ul>\n<li>100% lin suisse.<\/li>\n<li>Dimensions du set de table : 38 x 49 cm.<\/li>\n<li>Dimensions de la serviette : 40 x 40 cm.<\/li>\n<li>Ajour Detailing<\/li>\n<\/ul>\n<p>*Chaque set de table est con\u00e7u avec sa serviette de table assortie pour un look harmonieux.<\/p>\n","protected":false},"excerpt":{"rendered":"<p>Rehaussez votre table avec notre set de sets de table d\u00e9licatement brod\u00e9s. Fabriqu\u00e9s en 100% lin suisse, le set de table Deauville pr\u00e9sentent un design moderne, ajoutant une touche de sophistication \u00e0 votre salle \u00e0 manger.<\/p>\n","protected":false},"featured_media":6890,"comment_status":"closed","ping_status":"closed","template":"","meta":{"_joinchat":[]},"product_brand":[],"product_cat":[284,285],"product_tag":[],"class_list":{"0":"post-9274","1":"product","2":"type-product","3":"status-publish","4":"has-post-thumbnail","6":"product_cat-linge-de-table","7":"product_cat-sets-de-table-et-serviettes","9":"first","10":"instock","11":"shipping-taxable","12":"purchasable","13":"product-type-simple"},"_links":{"self":[{"href":"https:\/\/www.antoinekaram.com\/fr\/wp-json\/wp\/v2\/product\/9274","targetHints":{"allow":["GET"]}}],"collection":[{"href":"https:\/\/www.antoinekaram.com\/fr\/wp-json\/wp\/v2\/product"}],"about":[{"href":"https:\/\/www.antoinekaram.com\/fr\/wp-json\/wp\/v2\/types\/product"}],"replies":[{"embeddable":true,"href":"https:\/\/www.antoinekaram.com\/fr\/wp-json\/wp\/v2\/comments?post=9274"}],"wp:featuredmedia":[{"embeddable":true,"href":"https:\/\/www.antoinekaram.com\/fr\/wp-json\/wp\/v2\/media\/6890"}],"wp:attachment":[{"href":"https:\/\/www.antoinekaram.com\/fr\/wp-json\/wp\/v2\/media?parent=9274"}],"wp:term":[{"taxonomy":"product_brand","embeddable":true,"href":"https:\/\/www.antoinekaram.com\/fr\/wp-json\/wp\/v2\/product_brand?post=9274"},{"taxonomy":"product_cat","embeddable":true,"href":"https:\/\/www.antoinekaram.com\/fr\/wp-json\/wp\/v2\/product_cat?post=9274"},{"taxonomy":"product_tag","embeddable":true,"href":"https:\/\/www.antoinekaram.com\/fr\/wp-json\/wp\/v2\/product_tag?post=9274"}],"curies":[{"name":"wp","href":"https:\/\/api.w.org\/{rel}","templated":true}]}}