{"id":9272,"date":"2024-04-19T14:19:03","date_gmt":"2024-04-19T11:19:03","guid":{"rendered":"https:\/\/www.antoinekaram.com\/product\/star-set-de-table\/"},"modified":"2025-10-16T00:22:36","modified_gmt":"2025-10-15T21:22:36","slug":"star-set-de-table","status":"publish","type":"product","link":"https:\/\/www.antoinekaram.com\/fr\/produit\/star-set-de-table\/","title":{"rendered":"Star Set de Table"},"content":{"rendered":"<p><strong>Set de table Info :<\/strong><\/p>\n<ul>\n<li>100% lin suisse.<\/li>\n<li>Dimensions du set de table : 38 x 49 cm.<\/li>\n<li>Dimensions de la serviette : 40 x 40 cm.<\/li>\n<li>Ajour Detailing<\/li>\n<\/ul>\n<p>*Chaque set de table est con\u00e7u avec sa serviette de table assortie pour un look harmonieux.<\/p>\n","protected":false},"excerpt":{"rendered":"<p><span class=\"selectable-text copyable-text\">Le set de table Star est un compl\u00e9ment d&rsquo;inspiration c\u00e9leste \u00e0 votre exp\u00e9rience culinaire. Fabriqu\u00e9 dans un blanc immacul\u00e9 avec des \u00e9toiles d\u00e9licatement brod\u00e9es en or et en argent, il apporte une touche d&rsquo;\u00e9l\u00e9gance c\u00e9leste \u00e0 votre table. <\/span><\/p>\n<p><span class=\"selectable-text copyable-text\">Classique, minimal et ind\u00e9niablement moderne, cet ensemble de set de table fait de chaque repas un \u00e9v\u00e9nement \u00e9toil\u00e9.<\/span><\/p>\n","protected":false},"featured_media":7940,"comment_status":"closed","ping_status":"closed","template":"","meta":{"_joinchat":[]},"product_brand":[],"product_cat":[284,285],"product_tag":[287,286],"class_list":{"0":"post-9272","1":"product","2":"type-product","3":"status-publish","4":"has-post-thumbnail","6":"product_cat-linge-de-table","7":"product_cat-sets-de-table-et-serviettes","8":"product_tag-serviettes","9":"product_tag-sets-de-table","11":"first","12":"instock","13":"shipping-taxable","14":"purchasable","15":"product-type-simple"},"_links":{"self":[{"href":"https:\/\/www.antoinekaram.com\/fr\/wp-json\/wp\/v2\/product\/9272","targetHints":{"allow":["GET"]}}],"collection":[{"href":"https:\/\/www.antoinekaram.com\/fr\/wp-json\/wp\/v2\/product"}],"about":[{"href":"https:\/\/www.antoinekaram.com\/fr\/wp-json\/wp\/v2\/types\/product"}],"replies":[{"embeddable":true,"href":"https:\/\/www.antoinekaram.com\/fr\/wp-json\/wp\/v2\/comments?post=9272"}],"wp:featuredmedia":[{"embeddable":true,"href":"https:\/\/www.antoinekaram.com\/fr\/wp-json\/wp\/v2\/media\/7940"}],"wp:attachment":[{"href":"https:\/\/www.antoinekaram.com\/fr\/wp-json\/wp\/v2\/media?parent=9272"}],"wp:term":[{"taxonomy":"product_brand","embeddable":true,"href":"https:\/\/www.antoinekaram.com\/fr\/wp-json\/wp\/v2\/product_brand?post=9272"},{"taxonomy":"product_cat","embeddable":true,"href":"https:\/\/www.antoinekaram.com\/fr\/wp-json\/wp\/v2\/product_cat?post=9272"},{"taxonomy":"product_tag","embeddable":true,"href":"https:\/\/www.antoinekaram.com\/fr\/wp-json\/wp\/v2\/product_tag?post=9272"}],"curies":[{"name":"wp","href":"https:\/\/api.w.org\/{rel}","templated":true}]}}