{"id":9271,"date":"2024-04-19T14:58:52","date_gmt":"2024-04-19T11:58:52","guid":{"rendered":"https:\/\/www.antoinekaram.com\/product\/vine-set-de-table\/"},"modified":"2025-10-16T00:22:50","modified_gmt":"2025-10-15T21:22:50","slug":"vine-set-de-table","status":"publish","type":"product","link":"https:\/\/www.antoinekaram.com\/fr\/produit\/vine-set-de-table\/","title":{"rendered":"Vine Set de Table"},"content":{"rendered":"<p><strong>Set de table Info :<\/strong><\/p>\n<ul>\n<li>100% lin suisse.<\/li>\n<li>Dimensions du set de table : 38 x 49 cm.<\/li>\n<li>Dimensions de la serviette : 40 x 40 cm.<\/li>\n<li>Ajour Detailing<\/li>\n<\/ul>\n<p>*Chaque set de table est con\u00e7u avec sa serviette de table assortie pour un look harmonieux.<\/p>\n","protected":false},"excerpt":{"rendered":"<p>Le set de table Vine est un symbole d&rsquo;\u00e9l\u00e9gance discr\u00e8te et de raffinement moderne. Fabriqu\u00e9 dans un blanc immacul\u00e9 avec des branches d&rsquo;or et d&rsquo;argent brod\u00e9es de fa\u00e7on complexe, ce set de table apporte une touche de beaut\u00e9 naturelle \u00e0 votre table.<\/p>\n<p>Classique, minimal et chic sans effort, l&rsquo;ensemble de set de table Vine rehausse toute exp\u00e9rience culinaire gr\u00e2ce \u00e0 un sens du style intemporel.<\/p>\n","protected":false},"featured_media":7944,"comment_status":"closed","ping_status":"closed","template":"","meta":{"_joinchat":[]},"product_brand":[],"product_cat":[285,284],"product_tag":[287,286],"class_list":{"0":"post-9271","1":"product","2":"type-product","3":"status-publish","4":"has-post-thumbnail","6":"product_cat-sets-de-table-et-serviettes","7":"product_cat-linge-de-table","8":"product_tag-serviettes","9":"product_tag-sets-de-table","11":"first","12":"instock","13":"shipping-taxable","14":"purchasable","15":"product-type-simple"},"_links":{"self":[{"href":"https:\/\/www.antoinekaram.com\/fr\/wp-json\/wp\/v2\/product\/9271","targetHints":{"allow":["GET"]}}],"collection":[{"href":"https:\/\/www.antoinekaram.com\/fr\/wp-json\/wp\/v2\/product"}],"about":[{"href":"https:\/\/www.antoinekaram.com\/fr\/wp-json\/wp\/v2\/types\/product"}],"replies":[{"embeddable":true,"href":"https:\/\/www.antoinekaram.com\/fr\/wp-json\/wp\/v2\/comments?post=9271"}],"wp:featuredmedia":[{"embeddable":true,"href":"https:\/\/www.antoinekaram.com\/fr\/wp-json\/wp\/v2\/media\/7944"}],"wp:attachment":[{"href":"https:\/\/www.antoinekaram.com\/fr\/wp-json\/wp\/v2\/media?parent=9271"}],"wp:term":[{"taxonomy":"product_brand","embeddable":true,"href":"https:\/\/www.antoinekaram.com\/fr\/wp-json\/wp\/v2\/product_brand?post=9271"},{"taxonomy":"product_cat","embeddable":true,"href":"https:\/\/www.antoinekaram.com\/fr\/wp-json\/wp\/v2\/product_cat?post=9271"},{"taxonomy":"product_tag","embeddable":true,"href":"https:\/\/www.antoinekaram.com\/fr\/wp-json\/wp\/v2\/product_tag?post=9271"}],"curies":[{"name":"wp","href":"https:\/\/api.w.org\/{rel}","templated":true}]}}