{"id":9270,"date":"2024-04-19T16:16:29","date_gmt":"2024-04-19T13:16:29","guid":{"rendered":"https:\/\/www.antoinekaram.com\/product\/leaflet-set-de-table\/"},"modified":"2025-10-16T00:22:10","modified_gmt":"2025-10-15T21:22:10","slug":"leaflet-set-de-table","status":"publish","type":"product","link":"https:\/\/www.antoinekaram.com\/fr\/produit\/leaflet-set-de-table\/","title":{"rendered":"Leaflet Set de Table"},"content":{"rendered":"<p><strong>Set de table Info :<\/strong><\/p>\n<ul>\n<li>100% lin suisse.<\/li>\n<li>Dimensions du set de table : 38 x 49 cm.<\/li>\n<li>Dimensions de la serviette : 40 x 40 cm.<\/li>\n<li>Ajour Detailing<\/li>\n<\/ul>\n<p>*Chaque set de table est con\u00e7u avec sa serviette de table assortie pour un look harmonieux.<\/p>\n","protected":false},"excerpt":{"rendered":"<p>Un m\u00e9lange harmonieux de la beaut\u00e9 de la nature et de la sophistication moderne. Le set de table Leaflet est disponible en deux options \u00e9tonnantes, feuilles d&rsquo;or ou feuilles d&rsquo;argent, d\u00e9licatement brod\u00e9es sur un tissu blanc impeccable.<\/p>\n<p>Classique et minimal, ce set de table ajoute sans effort une touche d&rsquo;\u00e9l\u00e9gance \u00e0 votre exp\u00e9rience culinaire, parfaite pour ceux qui appr\u00e9cient le luxe discret.<\/p>\n","protected":false},"featured_media":7947,"comment_status":"closed","ping_status":"closed","template":"","meta":{"_joinchat":[]},"product_brand":[],"product_cat":[285,284],"product_tag":[287,288],"class_list":{"0":"post-9270","1":"product","2":"type-product","3":"status-publish","4":"has-post-thumbnail","6":"product_cat-sets-de-table-et-serviettes","7":"product_cat-linge-de-table","8":"product_tag-serviettes","9":"product_tag-set-de-table","11":"first","12":"instock","13":"shipping-taxable","14":"purchasable","15":"product-type-simple"},"_links":{"self":[{"href":"https:\/\/www.antoinekaram.com\/fr\/wp-json\/wp\/v2\/product\/9270","targetHints":{"allow":["GET"]}}],"collection":[{"href":"https:\/\/www.antoinekaram.com\/fr\/wp-json\/wp\/v2\/product"}],"about":[{"href":"https:\/\/www.antoinekaram.com\/fr\/wp-json\/wp\/v2\/types\/product"}],"replies":[{"embeddable":true,"href":"https:\/\/www.antoinekaram.com\/fr\/wp-json\/wp\/v2\/comments?post=9270"}],"wp:featuredmedia":[{"embeddable":true,"href":"https:\/\/www.antoinekaram.com\/fr\/wp-json\/wp\/v2\/media\/7947"}],"wp:attachment":[{"href":"https:\/\/www.antoinekaram.com\/fr\/wp-json\/wp\/v2\/media?parent=9270"}],"wp:term":[{"taxonomy":"product_brand","embeddable":true,"href":"https:\/\/www.antoinekaram.com\/fr\/wp-json\/wp\/v2\/product_brand?post=9270"},{"taxonomy":"product_cat","embeddable":true,"href":"https:\/\/www.antoinekaram.com\/fr\/wp-json\/wp\/v2\/product_cat?post=9270"},{"taxonomy":"product_tag","embeddable":true,"href":"https:\/\/www.antoinekaram.com\/fr\/wp-json\/wp\/v2\/product_tag?post=9270"}],"curies":[{"name":"wp","href":"https:\/\/api.w.org\/{rel}","templated":true}]}}