{"id":9266,"date":"2024-04-24T10:39:27","date_gmt":"2024-04-24T07:39:27","guid":{"rendered":"https:\/\/www.antoinekaram.com\/product\/sprinkle-set-de-table\/"},"modified":"2025-10-16T00:22:40","modified_gmt":"2025-10-15T21:22:40","slug":"sprinkle-set-de-table","status":"publish","type":"product","link":"https:\/\/www.antoinekaram.com\/fr\/produit\/sprinkle-set-de-table\/","title":{"rendered":"Sprinkle Set de Table"},"content":{"rendered":"<p><strong>Set de table Info :<\/strong><\/p>\n<ul>\n<li>100% lin suisse.<\/li>\n<li>Dimensions du set de table : 38 x 49 cm.<\/li>\n<li>Dimensions de la serviette : 40 x 40 cm.<\/li>\n<li>Ajour Detailing<\/li>\n<\/ul>\n<p>*Chaque set de table est con\u00e7u avec sa serviette de table assortie pour un look harmonieux.<\/p>\n","protected":false},"excerpt":{"rendered":"<p>Un ajout subtil et sophistiqu\u00e9 \u00e0 votre exp\u00e9rience culinaire. Fabriqu\u00e9 en blanc immacul\u00e9 avec des accents dor\u00e9s d\u00e9licatement brod\u00e9s, l&rsquo;ensemble de napperons Sprinkle d\u00e9gage une \u00e9l\u00e9gance intemporelle.<\/p>\n<p>Classique et moderne, cet ensemble de set de table rehausse sans effort toute table avec une touche de luxe raffin\u00e9.<\/p>\n","protected":false},"featured_media":7956,"comment_status":"closed","ping_status":"closed","template":"","meta":{"_joinchat":[]},"product_brand":[],"product_cat":[284,285],"product_tag":[287,286],"class_list":{"0":"post-9266","1":"product","2":"type-product","3":"status-publish","4":"has-post-thumbnail","6":"product_cat-linge-de-table","7":"product_cat-sets-de-table-et-serviettes","8":"product_tag-serviettes","9":"product_tag-sets-de-table","11":"first","12":"instock","13":"shipping-taxable","14":"purchasable","15":"product-type-simple"},"_links":{"self":[{"href":"https:\/\/www.antoinekaram.com\/fr\/wp-json\/wp\/v2\/product\/9266","targetHints":{"allow":["GET"]}}],"collection":[{"href":"https:\/\/www.antoinekaram.com\/fr\/wp-json\/wp\/v2\/product"}],"about":[{"href":"https:\/\/www.antoinekaram.com\/fr\/wp-json\/wp\/v2\/types\/product"}],"replies":[{"embeddable":true,"href":"https:\/\/www.antoinekaram.com\/fr\/wp-json\/wp\/v2\/comments?post=9266"}],"wp:featuredmedia":[{"embeddable":true,"href":"https:\/\/www.antoinekaram.com\/fr\/wp-json\/wp\/v2\/media\/7956"}],"wp:attachment":[{"href":"https:\/\/www.antoinekaram.com\/fr\/wp-json\/wp\/v2\/media?parent=9266"}],"wp:term":[{"taxonomy":"product_brand","embeddable":true,"href":"https:\/\/www.antoinekaram.com\/fr\/wp-json\/wp\/v2\/product_brand?post=9266"},{"taxonomy":"product_cat","embeddable":true,"href":"https:\/\/www.antoinekaram.com\/fr\/wp-json\/wp\/v2\/product_cat?post=9266"},{"taxonomy":"product_tag","embeddable":true,"href":"https:\/\/www.antoinekaram.com\/fr\/wp-json\/wp\/v2\/product_tag?post=9266"}],"curies":[{"name":"wp","href":"https:\/\/api.w.org\/{rel}","templated":true}]}}