{"id":8891,"date":"2023-10-22T18:29:21","date_gmt":"2023-10-22T15:29:21","guid":{"rendered":"https:\/\/www.antoinekaram.com\/product\/taie-doreiller-sydney\/"},"modified":"2025-07-22T07:38:34","modified_gmt":"2025-07-22T04:38:34","slug":"taie-doreiller-sydney","status":"publish","type":"product","link":"https:\/\/www.antoinekaram.com\/fr\/produit\/taie-doreiller-sydney\/","title":{"rendered":"Sydney Taie d&rsquo;Oreiller"},"content":{"rendered":"","protected":false},"excerpt":{"rendered":"<p>Lignes courbes et \u00e9l\u00e9ments entrelac\u00e9s d\u00e9licatement brod\u00e9s sur un tissu italien en satin de coton \u00e0 longues fibres. Cette broderie pr\u00e9sente un motif d&rsquo;arabesque classique avec une \u00e9nergie moderne.<\/p>\n","protected":false},"featured_media":7616,"comment_status":"open","ping_status":"closed","template":"","meta":{"_joinchat":[]},"product_brand":[],"product_cat":[277],"product_tag":[],"class_list":{"0":"post-8891","1":"product","2":"type-product","3":"status-publish","4":"has-post-thumbnail","6":"product_cat-taies-doreiller","7":"pa_fabric-satin-de-coton-1010","8":"pa_fabric-satin-de-coton-300","9":"pa_fabric-satin-de-coton-600","10":"pa_fabric-satin-de-coton-715","12":"first","13":"instock","14":"shipping-taxable","15":"purchasable","16":"product-type-variable"},"_links":{"self":[{"href":"https:\/\/www.antoinekaram.com\/fr\/wp-json\/wp\/v2\/product\/8891","targetHints":{"allow":["GET"]}}],"collection":[{"href":"https:\/\/www.antoinekaram.com\/fr\/wp-json\/wp\/v2\/product"}],"about":[{"href":"https:\/\/www.antoinekaram.com\/fr\/wp-json\/wp\/v2\/types\/product"}],"replies":[{"embeddable":true,"href":"https:\/\/www.antoinekaram.com\/fr\/wp-json\/wp\/v2\/comments?post=8891"}],"wp:featuredmedia":[{"embeddable":true,"href":"https:\/\/www.antoinekaram.com\/fr\/wp-json\/wp\/v2\/media\/7616"}],"wp:attachment":[{"href":"https:\/\/www.antoinekaram.com\/fr\/wp-json\/wp\/v2\/media?parent=8891"}],"wp:term":[{"taxonomy":"product_brand","embeddable":true,"href":"https:\/\/www.antoinekaram.com\/fr\/wp-json\/wp\/v2\/product_brand?post=8891"},{"taxonomy":"product_cat","embeddable":true,"href":"https:\/\/www.antoinekaram.com\/fr\/wp-json\/wp\/v2\/product_cat?post=8891"},{"taxonomy":"product_tag","embeddable":true,"href":"https:\/\/www.antoinekaram.com\/fr\/wp-json\/wp\/v2\/product_tag?post=8891"}],"curies":[{"name":"wp","href":"https:\/\/api.w.org\/{rel}","templated":true}]}}