{"id":8662,"date":"2023-10-22T18:29:19","date_gmt":"2023-10-22T15:29:19","guid":{"rendered":"https:\/\/www.antoinekaram.com\/product\/dallas-taie-doreiller\/"},"modified":"2025-10-17T12:24:52","modified_gmt":"2025-10-17T09:24:52","slug":"dallas-taie-doreiller","status":"publish","type":"product","link":"https:\/\/www.antoinekaram.com\/fr\/produit\/dallas-taie-doreiller\/","title":{"rendered":"Dallas Taie d&rsquo;Oreiller"},"content":{"rendered":"","protected":false},"excerpt":{"rendered":"<p>Con\u00e7ue avec une esth\u00e9tique moderne et une broderie minimale, cette taie d&rsquo;oreiller pr\u00e9sente des \u00e9l\u00e9ments d\u00e9licatement entrelac\u00e9s pour un look raffin\u00e9 et intemporel. Fabriqu\u00e9e \u00e0 partir du meilleur satin de coton italien \u00e0 longues fibres, elle allie \u00e9l\u00e9gance discr\u00e8te et sophistication contemporaine. Fabriqu\u00e9e \u00e0 partir de textiles italiens de qualit\u00e9 sup\u00e9rieure, elle est certifi\u00e9e OEKO-TEX pour une qualit\u00e9 et une durabilit\u00e9 exceptionnelles.<\/p>\n<p>Cet ensemble comprend 2 taies d&rsquo;oreiller (l&rsquo;oreiller du petit d\u00e9jeuner est vendu s\u00e9par\u00e9ment).<\/p>\n<p>Un service sur mesure est disponible pour une adaptation personnalis\u00e9e.<\/p>\n","protected":false},"featured_media":7639,"comment_status":"open","ping_status":"closed","template":"","meta":{"_joinchat":[]},"product_brand":[],"product_cat":[277,299,330],"product_tag":[],"class_list":{"0":"post-8662","1":"product","2":"type-product","3":"status-publish","4":"has-post-thumbnail","6":"product_cat-taies-doreiller","7":"product_cat-linge-de-lit","8":"product_cat-moderne","9":"pa_fabric-satin-de-coton-1010","10":"pa_fabric-satin-de-coton-300","11":"pa_fabric-satin-de-coton-600","12":"pa_fabric-satin-de-coton-715","14":"first","15":"instock","16":"shipping-taxable","17":"purchasable","18":"product-type-variable"},"_links":{"self":[{"href":"https:\/\/www.antoinekaram.com\/fr\/wp-json\/wp\/v2\/product\/8662","targetHints":{"allow":["GET"]}}],"collection":[{"href":"https:\/\/www.antoinekaram.com\/fr\/wp-json\/wp\/v2\/product"}],"about":[{"href":"https:\/\/www.antoinekaram.com\/fr\/wp-json\/wp\/v2\/types\/product"}],"replies":[{"embeddable":true,"href":"https:\/\/www.antoinekaram.com\/fr\/wp-json\/wp\/v2\/comments?post=8662"}],"wp:featuredmedia":[{"embeddable":true,"href":"https:\/\/www.antoinekaram.com\/fr\/wp-json\/wp\/v2\/media\/7639"}],"wp:attachment":[{"href":"https:\/\/www.antoinekaram.com\/fr\/wp-json\/wp\/v2\/media?parent=8662"}],"wp:term":[{"taxonomy":"product_brand","embeddable":true,"href":"https:\/\/www.antoinekaram.com\/fr\/wp-json\/wp\/v2\/product_brand?post=8662"},{"taxonomy":"product_cat","embeddable":true,"href":"https:\/\/www.antoinekaram.com\/fr\/wp-json\/wp\/v2\/product_cat?post=8662"},{"taxonomy":"product_tag","embeddable":true,"href":"https:\/\/www.antoinekaram.com\/fr\/wp-json\/wp\/v2\/product_tag?post=8662"}],"curies":[{"name":"wp","href":"https:\/\/api.w.org\/{rel}","templated":true}]}}