{"id":8590,"date":"2023-09-11T10:47:42","date_gmt":"2023-09-11T07:47:42","guid":{"rendered":"https:\/\/www.antoinekaram.com\/product\/prizma-couvre-lit\/"},"modified":"2025-10-16T10:44:45","modified_gmt":"2025-10-16T07:44:45","slug":"prizma-couvre-lit","status":"publish","type":"product","link":"https:\/\/www.antoinekaram.com\/fr\/produit\/prizma-couvre-lit\/","title":{"rendered":"Prizma Couvre-lit"},"content":{"rendered":"","protected":false},"excerpt":{"rendered":"<p>Un couvre-lit ou une couverture matelass\u00e9e intemporelle pour tous les styles de chambres et toutes les ambiances. Fabriqu\u00e9 en satin de coton italien de longue dur\u00e9e, il est matelass\u00e9 en forme de petits carr\u00e9s. Une finition \u00e9l\u00e9gante qui assure la plus grande perfection \u00e0 votre couvre-lit. La couverture ou le couvre-lit a une bordure ronde avec des fils de satin unis dans des couleurs coordonn\u00e9es. L&#8217;embl\u00e9matique \u00e9dredon est un mod\u00e8le classique dans toutes les collections d&rsquo;Antoine Karam House Linen. Disponible dans toutes les couleurs et dans toutes les tailles.<\/p>\n","protected":false},"featured_media":7544,"comment_status":"open","ping_status":"closed","template":"","meta":{"_joinchat":[]},"product_brand":[],"product_cat":[270],"product_tag":[],"class_list":{"0":"post-8590","1":"product","2":"type-product","3":"status-publish","4":"has-post-thumbnail","6":"product_cat-housses-de-lit","8":"first","9":"instock","10":"shipping-taxable","11":"purchasable","12":"product-type-variable"},"_links":{"self":[{"href":"https:\/\/www.antoinekaram.com\/fr\/wp-json\/wp\/v2\/product\/8590","targetHints":{"allow":["GET"]}}],"collection":[{"href":"https:\/\/www.antoinekaram.com\/fr\/wp-json\/wp\/v2\/product"}],"about":[{"href":"https:\/\/www.antoinekaram.com\/fr\/wp-json\/wp\/v2\/types\/product"}],"replies":[{"embeddable":true,"href":"https:\/\/www.antoinekaram.com\/fr\/wp-json\/wp\/v2\/comments?post=8590"}],"wp:featuredmedia":[{"embeddable":true,"href":"https:\/\/www.antoinekaram.com\/fr\/wp-json\/wp\/v2\/media\/7544"}],"wp:attachment":[{"href":"https:\/\/www.antoinekaram.com\/fr\/wp-json\/wp\/v2\/media?parent=8590"}],"wp:term":[{"taxonomy":"product_brand","embeddable":true,"href":"https:\/\/www.antoinekaram.com\/fr\/wp-json\/wp\/v2\/product_brand?post=8590"},{"taxonomy":"product_cat","embeddable":true,"href":"https:\/\/www.antoinekaram.com\/fr\/wp-json\/wp\/v2\/product_cat?post=8590"},{"taxonomy":"product_tag","embeddable":true,"href":"https:\/\/www.antoinekaram.com\/fr\/wp-json\/wp\/v2\/product_tag?post=8590"}],"curies":[{"name":"wp","href":"https:\/\/api.w.org\/{rel}","templated":true}]}}