{"id":8553,"date":"2023-09-11T10:47:42","date_gmt":"2023-09-11T07:47:42","guid":{"rendered":"https:\/\/www.antoinekaram.com\/product\/sempione-couvre-lit\/"},"modified":"2025-10-16T10:46:19","modified_gmt":"2025-10-16T07:46:19","slug":"sempione-couvre-lit","status":"publish","type":"product","link":"https:\/\/www.antoinekaram.com\/fr\/produit\/sempione-couvre-lit\/","title":{"rendered":"Sempione Couvre-lit"},"content":{"rendered":"","protected":false},"excerpt":{"rendered":"<p>Un couvre-lit ou une couverture matelass\u00e9e intemporelle pour le design et l&rsquo;ambiance de votre chambre \u00e0 coucher. Fabriqu\u00e9 en satin de coton italien de longue dur\u00e9e, matelass\u00e9 en forme de petits carr\u00e9s. Une finition \u00e9l\u00e9gante qui assure la plus grande perfection \u00e0 votre couvre-lit.<\/p>\n<p>La couverture ou le couvre-lit a une bordure ronde avec des fils de satin unis dans des couleurs coordonn\u00e9es. La courtepointe embl\u00e9matique est un motif classique dans toutes les collections de linge de maison d&rsquo;Antoine Karam.<\/p>\n<p>Disponible dans toutes les couleurs et peut \u00eatre produit dans n&rsquo;importe quelle taille.<\/p>\n","protected":false},"featured_media":7549,"comment_status":"open","ping_status":"closed","template":"","meta":{"_joinchat":[]},"product_brand":[],"product_cat":[270],"product_tag":[],"class_list":{"0":"post-8553","1":"product","2":"type-product","3":"status-publish","4":"has-post-thumbnail","6":"product_cat-housses-de-lit","8":"first","9":"instock","10":"shipping-taxable","11":"purchasable","12":"product-type-variable"},"_links":{"self":[{"href":"https:\/\/www.antoinekaram.com\/fr\/wp-json\/wp\/v2\/product\/8553","targetHints":{"allow":["GET"]}}],"collection":[{"href":"https:\/\/www.antoinekaram.com\/fr\/wp-json\/wp\/v2\/product"}],"about":[{"href":"https:\/\/www.antoinekaram.com\/fr\/wp-json\/wp\/v2\/types\/product"}],"replies":[{"embeddable":true,"href":"https:\/\/www.antoinekaram.com\/fr\/wp-json\/wp\/v2\/comments?post=8553"}],"wp:featuredmedia":[{"embeddable":true,"href":"https:\/\/www.antoinekaram.com\/fr\/wp-json\/wp\/v2\/media\/7549"}],"wp:attachment":[{"href":"https:\/\/www.antoinekaram.com\/fr\/wp-json\/wp\/v2\/media?parent=8553"}],"wp:term":[{"taxonomy":"product_brand","embeddable":true,"href":"https:\/\/www.antoinekaram.com\/fr\/wp-json\/wp\/v2\/product_brand?post=8553"},{"taxonomy":"product_cat","embeddable":true,"href":"https:\/\/www.antoinekaram.com\/fr\/wp-json\/wp\/v2\/product_cat?post=8553"},{"taxonomy":"product_tag","embeddable":true,"href":"https:\/\/www.antoinekaram.com\/fr\/wp-json\/wp\/v2\/product_tag?post=8553"}],"curies":[{"name":"wp","href":"https:\/\/api.w.org\/{rel}","templated":true}]}}