{"id":8486,"date":"2022-11-01T04:54:38","date_gmt":"2022-11-01T02:54:38","guid":{"rendered":"https:\/\/www.antoinekaram.com\/product\/sana-parure-de-lit\/"},"modified":"2025-10-21T12:18:45","modified_gmt":"2025-10-21T09:18:45","slug":"sana-parure-de-lit","status":"publish","type":"product","link":"https:\/\/www.antoinekaram.com\/fr\/produit\/sana-parure-de-lit\/","title":{"rendered":"Sana Parure De Lit"},"content":{"rendered":"<p><strong>Caract\u00e9ristiques de la parure de draps Sana :<\/strong><\/p>\n<ul>\n<li style=\"font-weight: 400;\" aria-level=\"1\"><span style=\"font-weight: 400;\">Confort supr\u00eame : Profitez de la somptueuse douceur du satin 100 % coton, qui offre un toucher soyeux contre votre peau pour une nuit de sommeil r\u00e9parateur.<\/span><\/li>\n<li style=\"font-weight: 400;\" aria-level=\"1\"><span style=\"font-weight: 400;\">Broderie florale exquise : Chaque fleur d\u00e9licate est m\u00e9ticuleusement brod\u00e9e sur le tissu blanc et vert olive par des artisans qualifi\u00e9s, cr\u00e9ant un spectacle visuel \u00e9poustouflant qui ajoute une touche de beaut\u00e9 naturelle et de sophistication \u00e0 votre ensemble de literie.<\/span><\/li>\n<li style=\"font-weight: 400;\" aria-level=\"1\"><span style=\"font-weight: 400;\">Qualit\u00e9 durable : Fabriqu\u00e9 en satin de coton de premi\u00e8re qualit\u00e9, l&rsquo;ensemble de lit Sana promet une douceur et une durabilit\u00e9 durables, garantissant que votre lit reste un sanctuaire de confort et de style pour les ann\u00e9es \u00e0 venir.<\/span><\/li>\n<\/ul>\n","protected":false},"excerpt":{"rendered":"<p><span style=\"font-weight: 400;\">Une fusion harmonieuse de tranquillit\u00e9 et de beaut\u00e9 naturelle m\u00e9ticuleusement con\u00e7ue pour am\u00e9liorer le sanctuaire de votre chambre \u00e0 coucher. Avec une combinaison sereine de blanc et de vert olive, orn\u00e9e de fleurs printani\u00e8res brod\u00e9es de fa\u00e7on complexe, cet ensemble de literie respire l&rsquo;\u00e9l\u00e9gance et le charme, \u00e9voquant l&rsquo;essence rafra\u00eechissante du printemps.<\/span><\/p>\n","protected":false},"featured_media":7782,"comment_status":"open","ping_status":"closed","template":"","meta":{"_joinchat":[]},"product_brand":[],"product_cat":[265,257],"product_tag":[],"class_list":{"0":"post-8486","1":"product","2":"type-product","3":"status-publish","4":"has-post-thumbnail","6":"product_cat-floral-fr","7":"product_cat-parures-de-lit","8":"pa_fabric-satin-de-coton-1010","9":"pa_fabric-satin-de-coton-300","10":"pa_fabric-satin-de-coton-600","11":"pa_fabric-satin-de-coton-715","13":"first","14":"instock","15":"shipping-taxable","16":"purchasable","17":"product-type-variable"},"_links":{"self":[{"href":"https:\/\/www.antoinekaram.com\/fr\/wp-json\/wp\/v2\/product\/8486","targetHints":{"allow":["GET"]}}],"collection":[{"href":"https:\/\/www.antoinekaram.com\/fr\/wp-json\/wp\/v2\/product"}],"about":[{"href":"https:\/\/www.antoinekaram.com\/fr\/wp-json\/wp\/v2\/types\/product"}],"replies":[{"embeddable":true,"href":"https:\/\/www.antoinekaram.com\/fr\/wp-json\/wp\/v2\/comments?post=8486"}],"wp:featuredmedia":[{"embeddable":true,"href":"https:\/\/www.antoinekaram.com\/fr\/wp-json\/wp\/v2\/media\/7782"}],"wp:attachment":[{"href":"https:\/\/www.antoinekaram.com\/fr\/wp-json\/wp\/v2\/media?parent=8486"}],"wp:term":[{"taxonomy":"product_brand","embeddable":true,"href":"https:\/\/www.antoinekaram.com\/fr\/wp-json\/wp\/v2\/product_brand?post=8486"},{"taxonomy":"product_cat","embeddable":true,"href":"https:\/\/www.antoinekaram.com\/fr\/wp-json\/wp\/v2\/product_cat?post=8486"},{"taxonomy":"product_tag","embeddable":true,"href":"https:\/\/www.antoinekaram.com\/fr\/wp-json\/wp\/v2\/product_tag?post=8486"}],"curies":[{"name":"wp","href":"https:\/\/api.w.org\/{rel}","templated":true}]}}