{"id":8469,"date":"2022-11-01T04:54:33","date_gmt":"2022-11-01T02:54:33","guid":{"rendered":"https:\/\/www.antoinekaram.com\/product\/libellule-parure-de-lit\/"},"modified":"2025-10-21T12:14:03","modified_gmt":"2025-10-21T09:14:03","slug":"libellule-parure-de-lit","status":"publish","type":"product","link":"https:\/\/www.antoinekaram.com\/fr\/produit\/libellule-parure-de-lit\/","title":{"rendered":"Libellule Parure De Lit"},"content":{"rendered":"<p><strong>Caract\u00e9ristiques de la parure de draps Libellule :<\/strong><\/p>\n<ul>\n<li style=\"font-weight: 400;\" aria-level=\"1\"><span style=\"font-weight: 400;\">Confort supr\u00eame : Profitez de la somptueuse douceur du satin 100 % coton, qui offre un toucher soyeux contre votre peau pour une nuit de sommeil r\u00e9parateur.<\/span><\/li>\n<li style=\"font-weight: 400;\" aria-level=\"1\"><span style=\"font-weight: 400;\">D\u00e9tails brod\u00e9s minimalistes : Chaque d\u00e9tail d\u00e9licat de la parure de lit Libellule est soigneusement r\u00e9alis\u00e9 par des artisans qualifi\u00e9s. Les motifs subtils inspir\u00e9s du printemps ajoutent une touche de beaut\u00e9 naturelle et de raffinement \u00e0 votre ensemble de literie sans en alourdir le design.<\/span><\/li>\n<li style=\"font-weight: 400;\" aria-level=\"1\"><span style=\"font-weight: 400;\">Qualit\u00e9 durable : Fabriqu\u00e9 en satin de coton de premi\u00e8re qualit\u00e9, l&rsquo;ensemble de lit Libellule promet une douceur et une durabilit\u00e9 durables, garantissant que votre lit reste un sanctuaire de confort et de style pour les ann\u00e9es \u00e0 venir.<\/span><\/li>\n<\/ul>\n","protected":false},"excerpt":{"rendered":"<p><span style=\"font-weight: 400;\">Une fusion harmonieuse de tranquillit\u00e9 et d&rsquo;\u00e9l\u00e9gance m\u00e9ticuleusement con\u00e7ue pour rehausser le d\u00e9cor de votre chambre \u00e0 coucher. Avec une combinaison apaisante de vert clair et de blanc, accentu\u00e9e par des d\u00e9tails brod\u00e9s inspir\u00e9s du printemps, cet ensemble de literie exsude une sophistication discr\u00e8te et un charme intemporel. <\/span><\/p>\n","protected":false},"featured_media":7770,"comment_status":"open","ping_status":"closed","template":"","meta":{"_joinchat":[]},"product_brand":[],"product_cat":[265,257],"product_tag":[],"class_list":{"0":"post-8469","1":"product","2":"type-product","3":"status-publish","4":"has-post-thumbnail","6":"product_cat-floral-fr","7":"product_cat-parures-de-lit","8":"pa_fabric-satin-de-coton-1010","9":"pa_fabric-satin-de-coton-300","10":"pa_fabric-satin-de-coton-600","11":"pa_fabric-satin-de-coton-715","13":"first","14":"instock","15":"shipping-taxable","16":"purchasable","17":"product-type-variable"},"_links":{"self":[{"href":"https:\/\/www.antoinekaram.com\/fr\/wp-json\/wp\/v2\/product\/8469","targetHints":{"allow":["GET"]}}],"collection":[{"href":"https:\/\/www.antoinekaram.com\/fr\/wp-json\/wp\/v2\/product"}],"about":[{"href":"https:\/\/www.antoinekaram.com\/fr\/wp-json\/wp\/v2\/types\/product"}],"replies":[{"embeddable":true,"href":"https:\/\/www.antoinekaram.com\/fr\/wp-json\/wp\/v2\/comments?post=8469"}],"wp:featuredmedia":[{"embeddable":true,"href":"https:\/\/www.antoinekaram.com\/fr\/wp-json\/wp\/v2\/media\/7770"}],"wp:attachment":[{"href":"https:\/\/www.antoinekaram.com\/fr\/wp-json\/wp\/v2\/media?parent=8469"}],"wp:term":[{"taxonomy":"product_brand","embeddable":true,"href":"https:\/\/www.antoinekaram.com\/fr\/wp-json\/wp\/v2\/product_brand?post=8469"},{"taxonomy":"product_cat","embeddable":true,"href":"https:\/\/www.antoinekaram.com\/fr\/wp-json\/wp\/v2\/product_cat?post=8469"},{"taxonomy":"product_tag","embeddable":true,"href":"https:\/\/www.antoinekaram.com\/fr\/wp-json\/wp\/v2\/product_tag?post=8469"}],"curies":[{"name":"wp","href":"https:\/\/api.w.org\/{rel}","templated":true}]}}