{"id":8379,"date":"2022-11-01T04:54:27","date_gmt":"2022-11-01T02:54:27","guid":{"rendered":"https:\/\/www.antoinekaram.com\/product\/diana-parure-de-lit\/"},"modified":"2025-10-21T12:11:34","modified_gmt":"2025-10-21T09:11:34","slug":"diana-parure-de-lit","status":"publish","type":"product","link":"https:\/\/www.antoinekaram.com\/fr\/produit\/diana-parure-de-lit\/","title":{"rendered":"Diana Parure De Lit"},"content":{"rendered":"<p><strong>Diana Parure De Lit Caracteristiques<\/strong><\/p>\n<ul>\n<li style=\"font-weight: 400;\" aria-level=\"1\"><span style=\"font-weight: 400;\">Confort supr\u00eame : Profitez de la sensation somptueuse du satin 100 % coton, qui offre un toucher doux et accueillant contre votre peau, pour une nuit de sommeil bienfaisante.<\/span><\/li>\n<li style=\"font-weight: 400;\" aria-level=\"1\"><span style=\"font-weight: 400;\">D\u00e9tails floraux exquis : M\u00e9ticuleusement fabriqu\u00e9e \u00e0 la main par des artisans qualifi\u00e9s, la parure de lit Diana pr\u00e9sente des motifs floraux complexes d\u00e9licatement brod\u00e9s sur le tissu blanc immacul\u00e9, ajoutant une touche de beaut\u00e9 naturelle et de charme \u00e0 votre ensemble de literie.<\/span><\/li>\n<li style=\"font-weight: 400;\" aria-level=\"1\"><span style=\"font-weight: 400;\">Qualit\u00e9 durable : Fabriqu\u00e9 en satin de coton de premi\u00e8re qualit\u00e9, l&rsquo;ensemble de lit Diana promet une douceur et une durabilit\u00e9 durables, garantissant que votre lit reste un sanctuaire de confort et de style pour les ann\u00e9es \u00e0 venir.<\/span><\/li>\n<\/ul>\n","protected":false},"excerpt":{"rendered":"<p><span style=\"font-weight: 400;\">L&rsquo;ensemble de lit Diana, un m\u00e9lange captivant d&rsquo;\u00e9l\u00e9gance intemporelle et de charme floral, m\u00e9ticuleusement con\u00e7u pour orner le sanctuaire de votre chambre \u00e0 coucher. Envelopp\u00e9 d&rsquo;un blanc immacul\u00e9 avec des d\u00e9tails floraux d\u00e9licats, cet ensemble de literie d\u00e9gage une impression de beaut\u00e9 raffin\u00e9e et de sophistication.<\/span><\/p>\n","protected":false},"featured_media":7730,"comment_status":"open","ping_status":"closed","template":"","meta":{"_joinchat":[]},"product_brand":[],"product_cat":[265,257],"product_tag":[],"class_list":{"0":"post-8379","1":"product","2":"type-product","3":"status-publish","4":"has-post-thumbnail","6":"product_cat-floral-fr","7":"product_cat-parures-de-lit","8":"pa_fabric-satin-de-coton-1010","9":"pa_fabric-satin-de-coton-300","10":"pa_fabric-satin-de-coton-600","11":"pa_fabric-satin-de-coton-715","13":"first","14":"instock","15":"shipping-taxable","16":"purchasable","17":"product-type-variable"},"_links":{"self":[{"href":"https:\/\/www.antoinekaram.com\/fr\/wp-json\/wp\/v2\/product\/8379","targetHints":{"allow":["GET"]}}],"collection":[{"href":"https:\/\/www.antoinekaram.com\/fr\/wp-json\/wp\/v2\/product"}],"about":[{"href":"https:\/\/www.antoinekaram.com\/fr\/wp-json\/wp\/v2\/types\/product"}],"replies":[{"embeddable":true,"href":"https:\/\/www.antoinekaram.com\/fr\/wp-json\/wp\/v2\/comments?post=8379"}],"wp:featuredmedia":[{"embeddable":true,"href":"https:\/\/www.antoinekaram.com\/fr\/wp-json\/wp\/v2\/media\/7730"}],"wp:attachment":[{"href":"https:\/\/www.antoinekaram.com\/fr\/wp-json\/wp\/v2\/media?parent=8379"}],"wp:term":[{"taxonomy":"product_brand","embeddable":true,"href":"https:\/\/www.antoinekaram.com\/fr\/wp-json\/wp\/v2\/product_brand?post=8379"},{"taxonomy":"product_cat","embeddable":true,"href":"https:\/\/www.antoinekaram.com\/fr\/wp-json\/wp\/v2\/product_cat?post=8379"},{"taxonomy":"product_tag","embeddable":true,"href":"https:\/\/www.antoinekaram.com\/fr\/wp-json\/wp\/v2\/product_tag?post=8379"}],"curies":[{"name":"wp","href":"https:\/\/api.w.org\/{rel}","templated":true}]}}