{"id":8362,"date":"2022-11-01T04:54:24","date_gmt":"2022-11-01T02:54:24","guid":{"rendered":"https:\/\/www.antoinekaram.com\/product\/dana-parure-de-lit\/"},"modified":"2025-10-21T11:43:13","modified_gmt":"2025-10-21T08:43:13","slug":"dana-parure-de-lit","status":"publish","type":"product","link":"https:\/\/www.antoinekaram.com\/fr\/produit\/dana-parure-de-lit\/","title":{"rendered":"Dana Parure De Lit"},"content":{"rendered":"<p><strong>Dana Parure De Lit Caracteristiques<\/strong><\/p>\n<ul>\n<li style=\"font-weight: 400;\" aria-level=\"1\"><span style=\"font-weight: 400;\">Confort supr\u00eame : Profitez de la sensation somptueuse du satin 100 % coton, qui offre un toucher doux et accueillant contre votre peau, pour une nuit de sommeil bienfaisante.<\/span><\/li>\n<li style=\"font-weight: 400;\" aria-level=\"1\"><span style=\"font-weight: 400;\">Fabrication exquise : M\u00e9ticuleusement fabriqu\u00e9 \u00e0 la main par des artisans qualifi\u00e9s, l&rsquo;ensemble de lit Dana pr\u00e9sente de d\u00e9licats motifs floraux qui ajoutent une touche de charme artisanal et d&rsquo;individualit\u00e9 \u00e0 votre ensemble de literie, garantissant ainsi une touche unique et personnalis\u00e9e.<\/span><\/li>\n<li style=\"font-weight: 400;\" aria-level=\"1\"><span style=\"font-weight: 400;\">Qualit\u00e9 durable : Fabriqu\u00e9 en satin de coton de premi\u00e8re qualit\u00e9, l&rsquo;ensemble de lit Dana promet une douceur et une durabilit\u00e9 durables, garantissant que votre lit reste un sanctuaire de confort et de style pour les ann\u00e9es \u00e0 venir.<\/span><\/li>\n<\/ul>\n","protected":false},"excerpt":{"rendered":"<p><span style=\"font-weight: 400;\">L&rsquo;ensemble de lit Dana est un m\u00e9lange captivant de sophistication et de confort con\u00e7u pour rajeunir l&rsquo;oasis de votre chambre \u00e0 coucher. Envelopp\u00e9 d&rsquo;une teinte verte vibrante, cet ensemble de literie apporte un \u00e9clat de couleur rafra\u00eechissant \u00e0 votre espace de sommeil, \u00e9voquant l&rsquo;essence rajeunissante des prairies luxuriantes.<\/span><\/p>\n","protected":false},"featured_media":7723,"comment_status":"open","ping_status":"closed","template":"","meta":{"_joinchat":[]},"product_brand":[],"product_cat":[265,257],"product_tag":[],"class_list":{"0":"post-8362","1":"product","2":"type-product","3":"status-publish","4":"has-post-thumbnail","6":"product_cat-floral-fr","7":"product_cat-parures-de-lit","8":"pa_fabric-satin-de-coton-1010","9":"pa_fabric-satin-de-coton-300","10":"pa_fabric-satin-de-coton-600","11":"pa_fabric-satin-de-coton-715","13":"first","14":"instock","15":"shipping-taxable","16":"purchasable","17":"product-type-variable"},"_links":{"self":[{"href":"https:\/\/www.antoinekaram.com\/fr\/wp-json\/wp\/v2\/product\/8362","targetHints":{"allow":["GET"]}}],"collection":[{"href":"https:\/\/www.antoinekaram.com\/fr\/wp-json\/wp\/v2\/product"}],"about":[{"href":"https:\/\/www.antoinekaram.com\/fr\/wp-json\/wp\/v2\/types\/product"}],"replies":[{"embeddable":true,"href":"https:\/\/www.antoinekaram.com\/fr\/wp-json\/wp\/v2\/comments?post=8362"}],"wp:featuredmedia":[{"embeddable":true,"href":"https:\/\/www.antoinekaram.com\/fr\/wp-json\/wp\/v2\/media\/7723"}],"wp:attachment":[{"href":"https:\/\/www.antoinekaram.com\/fr\/wp-json\/wp\/v2\/media?parent=8362"}],"wp:term":[{"taxonomy":"product_brand","embeddable":true,"href":"https:\/\/www.antoinekaram.com\/fr\/wp-json\/wp\/v2\/product_brand?post=8362"},{"taxonomy":"product_cat","embeddable":true,"href":"https:\/\/www.antoinekaram.com\/fr\/wp-json\/wp\/v2\/product_cat?post=8362"},{"taxonomy":"product_tag","embeddable":true,"href":"https:\/\/www.antoinekaram.com\/fr\/wp-json\/wp\/v2\/product_tag?post=8362"}],"curies":[{"name":"wp","href":"https:\/\/api.w.org\/{rel}","templated":true}]}}