{"id":8328,"date":"2022-11-01T04:54:28","date_gmt":"2022-11-01T02:54:28","guid":{"rendered":"https:\/\/www.antoinekaram.com\/product\/emma-parure-de-lit\/"},"modified":"2025-10-21T12:11:56","modified_gmt":"2025-10-21T09:11:56","slug":"emma-parure-de-lit","status":"publish","type":"product","link":"https:\/\/www.antoinekaram.com\/fr\/produit\/emma-parure-de-lit\/","title":{"rendered":"Emma Parure De Lit"},"content":{"rendered":"<p><span style=\"font-weight: 400;\">Emma Parure de lit Caract\u00e9ristiques :<\/span><\/p>\n<ul>\n<li style=\"font-weight: 400;\" aria-level=\"1\"><span style=\"font-weight: 400;\">Confort supr\u00eame : Profitez de la douceur indulgente du satin 100 % coton, qui offre un toucher somptueusement doux contre votre peau pour une nuit de sommeil r\u00e9parateur.<\/span><\/li>\n<li style=\"font-weight: 400;\" aria-level=\"1\"><span style=\"font-weight: 400;\">D\u00e9tails floraux exquis : Chaque \u00e9l\u00e9ment de l&rsquo;ensemble de lit Emma est minutieusement fabriqu\u00e9 par des artisans qualifi\u00e9s, avec d&rsquo;opulents motifs floraux m\u00e9ticuleusement orn\u00e9s sur le tissu beige, \u00e9levant votre ensemble de literie \u00e0 un niveau de luxe et d&rsquo;allure in\u00e9gal\u00e9.<\/span><\/li>\n<li style=\"font-weight: 400;\" aria-level=\"1\"><span style=\"font-weight: 400;\">Qualit\u00e9 durable : Fabriqu\u00e9 en satin de coton de premi\u00e8re qualit\u00e9, l&rsquo;ensemble de lit Emma garantit une douceur et une durabilit\u00e9 durables, pour que votre lit reste un sanctuaire de confort et de style pour les ann\u00e9es \u00e0 venir.<\/span><\/li>\n<\/ul>\n","protected":false},"excerpt":{"rendered":"<p><span style=\"font-weight: 400;\">Voici l&rsquo;ensemble de lit Emma, une symphonie de sophistication et d&rsquo;opulence m\u00e9ticuleusement con\u00e7ue pour enrichir l&rsquo;ambiance de votre chambre \u00e0 coucher. Envelopp\u00e9 dans une teinte beige apaisante, accentu\u00e9e par de somptueux d\u00e9tails floraux, cet ensemble de literie rayonne d&rsquo;un luxe intemporel et d&rsquo;une \u00e9l\u00e9gance raffin\u00e9e.<\/span><\/p>\n","protected":false},"featured_media":7738,"comment_status":"open","ping_status":"closed","template":"","meta":{"_joinchat":[]},"product_brand":[],"product_cat":[265,257],"product_tag":[],"class_list":{"0":"post-8328","1":"product","2":"type-product","3":"status-publish","4":"has-post-thumbnail","6":"product_cat-floral-fr","7":"product_cat-parures-de-lit","8":"pa_fabric-satin-de-coton-1010","9":"pa_fabric-satin-de-coton-300","10":"pa_fabric-satin-de-coton-600","11":"pa_fabric-satin-de-coton-715","13":"first","14":"instock","15":"shipping-taxable","16":"purchasable","17":"product-type-variable"},"_links":{"self":[{"href":"https:\/\/www.antoinekaram.com\/fr\/wp-json\/wp\/v2\/product\/8328","targetHints":{"allow":["GET"]}}],"collection":[{"href":"https:\/\/www.antoinekaram.com\/fr\/wp-json\/wp\/v2\/product"}],"about":[{"href":"https:\/\/www.antoinekaram.com\/fr\/wp-json\/wp\/v2\/types\/product"}],"replies":[{"embeddable":true,"href":"https:\/\/www.antoinekaram.com\/fr\/wp-json\/wp\/v2\/comments?post=8328"}],"wp:featuredmedia":[{"embeddable":true,"href":"https:\/\/www.antoinekaram.com\/fr\/wp-json\/wp\/v2\/media\/7738"}],"wp:attachment":[{"href":"https:\/\/www.antoinekaram.com\/fr\/wp-json\/wp\/v2\/media?parent=8328"}],"wp:term":[{"taxonomy":"product_brand","embeddable":true,"href":"https:\/\/www.antoinekaram.com\/fr\/wp-json\/wp\/v2\/product_brand?post=8328"},{"taxonomy":"product_cat","embeddable":true,"href":"https:\/\/www.antoinekaram.com\/fr\/wp-json\/wp\/v2\/product_cat?post=8328"},{"taxonomy":"product_tag","embeddable":true,"href":"https:\/\/www.antoinekaram.com\/fr\/wp-json\/wp\/v2\/product_tag?post=8328"}],"curies":[{"name":"wp","href":"https:\/\/api.w.org\/{rel}","templated":true}]}}