{"id":8277,"date":"2022-11-01T04:54:34","date_gmt":"2022-11-01T02:54:34","guid":{"rendered":"https:\/\/www.antoinekaram.com\/product\/manarola-parure-de-lit\/"},"modified":"2025-10-21T12:17:04","modified_gmt":"2025-10-21T09:17:04","slug":"manarola-parure-de-lit","status":"publish","type":"product","link":"https:\/\/www.antoinekaram.com\/fr\/produit\/manarola-parure-de-lit\/","title":{"rendered":"Manarola Parure De Lit"},"content":{"rendered":"<p><strong>Manarola Parure De Lit Caract\u00e9ristiques :<\/strong><\/p>\n<ul>\n<li style=\"font-weight: 400;\" aria-level=\"1\"><span style=\"font-weight: 400;\">Confort supr\u00eame : Profitez de la somptueuse douceur du satin 100 % coton, qui offre un toucher soyeux contre votre peau pour une nuit de sommeil r\u00e9parateur.<\/span><\/li>\n<li style=\"font-weight: 400;\" aria-level=\"1\"><span style=\"font-weight: 400;\">Broderie florale exquise : Chaque d\u00e9tail floral est m\u00e9ticuleusement brod\u00e9 sur le tissu blanc immacul\u00e9 par des artisans qualifi\u00e9s, cr\u00e9ant un spectacle visuel \u00e9poustouflant qui ajoute une touche de beaut\u00e9 naturelle et de charme \u00e0 votre ensemble de literie.<\/span><\/li>\n<li style=\"font-weight: 400;\" aria-level=\"1\"><span style=\"font-weight: 400;\">Qualit\u00e9 durable : Fabriqu\u00e9e en satin de coton de premi\u00e8re qualit\u00e9, la parure de lit Manarola White promet une douceur et une durabilit\u00e9 durables, garantissant que votre lit reste un sanctuaire de confort et de style pour les ann\u00e9es \u00e0 venir.<\/span><\/li>\n<\/ul>\n<p>&nbsp;<\/p>\n","protected":false},"excerpt":{"rendered":"<p><span style=\"font-weight: 400;\">Un symbole intemporel d&rsquo;\u00e9l\u00e9gance et de sophistication, m\u00e9ticuleusement con\u00e7u pour enrichir le sanctuaire de votre chambre \u00e0 coucher. Habill\u00e9 d&rsquo;un blanc immacul\u00e9 et orn\u00e9 de d\u00e9licates fleurs brod\u00e9es en gris, cet ensemble de literie exsude un luxe discret et une beaut\u00e9 raffin\u00e9e. <\/span><\/p>\n","protected":false},"featured_media":7773,"comment_status":"open","ping_status":"closed","template":"","meta":{"_joinchat":[]},"product_brand":[],"product_cat":[265,257],"product_tag":[],"class_list":{"0":"post-8277","1":"product","2":"type-product","3":"status-publish","4":"has-post-thumbnail","6":"product_cat-floral-fr","7":"product_cat-parures-de-lit","8":"pa_fabric-satin-de-coton-1010","9":"pa_fabric-satin-de-coton-300","10":"pa_fabric-satin-de-coton-600","11":"pa_fabric-satin-de-coton-715","13":"first","14":"instock","15":"shipping-taxable","16":"purchasable","17":"product-type-variable"},"_links":{"self":[{"href":"https:\/\/www.antoinekaram.com\/fr\/wp-json\/wp\/v2\/product\/8277","targetHints":{"allow":["GET"]}}],"collection":[{"href":"https:\/\/www.antoinekaram.com\/fr\/wp-json\/wp\/v2\/product"}],"about":[{"href":"https:\/\/www.antoinekaram.com\/fr\/wp-json\/wp\/v2\/types\/product"}],"replies":[{"embeddable":true,"href":"https:\/\/www.antoinekaram.com\/fr\/wp-json\/wp\/v2\/comments?post=8277"}],"wp:featuredmedia":[{"embeddable":true,"href":"https:\/\/www.antoinekaram.com\/fr\/wp-json\/wp\/v2\/media\/7773"}],"wp:attachment":[{"href":"https:\/\/www.antoinekaram.com\/fr\/wp-json\/wp\/v2\/media?parent=8277"}],"wp:term":[{"taxonomy":"product_brand","embeddable":true,"href":"https:\/\/www.antoinekaram.com\/fr\/wp-json\/wp\/v2\/product_brand?post=8277"},{"taxonomy":"product_cat","embeddable":true,"href":"https:\/\/www.antoinekaram.com\/fr\/wp-json\/wp\/v2\/product_cat?post=8277"},{"taxonomy":"product_tag","embeddable":true,"href":"https:\/\/www.antoinekaram.com\/fr\/wp-json\/wp\/v2\/product_tag?post=8277"}],"curies":[{"name":"wp","href":"https:\/\/api.w.org\/{rel}","templated":true}]}}