{"id":8141,"date":"2022-11-01T04:54:44","date_gmt":"2022-11-01T02:54:44","guid":{"rendered":"https:\/\/www.antoinekaram.com\/product\/zeina-parure-de-lit\/"},"modified":"2025-10-21T12:18:42","modified_gmt":"2025-10-21T09:18:42","slug":"zeina-parure-de-lit","status":"publish","type":"product","link":"https:\/\/www.antoinekaram.com\/fr\/produit\/zeina-parure-de-lit\/","title":{"rendered":"Zeina Parure de lit"},"content":{"rendered":"<p><strong>Caract\u00e9ristiques de la parure de draps Zeina :<\/strong><\/p>\n<ul>\n<li style=\"font-weight: 400;\" aria-level=\"1\"><span style=\"font-weight: 400;\">Confort luxueux : Fabriqu\u00e9 \u00e0 partir de mat\u00e9riaux de premi\u00e8re qualit\u00e9, l&rsquo;ensemble de linge de lit Zeina offre un toucher extr\u00eamement doux et douillet, garantissant un sommeil r\u00e9parateur.<\/span><\/li>\n<li style=\"font-weight: 400;\" aria-level=\"1\"><span style=\"font-weight: 400;\">Broderie \u00e9l\u00e9gante : De d\u00e9licates broderies printani\u00e8res vertes ornent la literie, ajoutant une touche de beaut\u00e9 naturelle et de charme \u00e0 la d\u00e9coration de votre chambre.<\/span><\/li>\n<li style=\"font-weight: 400;\" aria-level=\"1\"><span style=\"font-weight: 400;\">Construction de haute qualit\u00e9 : Con\u00e7ue pour durer, la parure de lit Zeina est fabriqu\u00e9e avec une attention m\u00e9ticuleuse aux d\u00e9tails et un savoir-faire sup\u00e9rieur, garantissant une qualit\u00e9 et un confort durables.<\/span><\/li>\n<\/ul>\n","protected":false},"excerpt":{"rendered":"<p><span style=\"font-weight: 400;\">Un compl\u00e9ment luxueux \u00e0 votre chambre \u00e0 coucher qui allie harmonieusement style et confort. Dot\u00e9 d&rsquo;une base blanche nette avec des broderies printani\u00e8res vertes complexes, cet ensemble de literie respire l&rsquo;\u00e9l\u00e9gance et la sophistication, transformant votre espace de sommeil en une oasis de s\u00e9r\u00e9nit\u00e9.<\/span><\/p>\n","protected":false},"featured_media":7811,"comment_status":"open","ping_status":"closed","template":"","meta":{"_joinchat":[]},"product_brand":[],"product_cat":[265,257],"product_tag":[],"class_list":{"0":"post-8141","1":"product","2":"type-product","3":"status-publish","4":"has-post-thumbnail","6":"product_cat-floral-fr","7":"product_cat-parures-de-lit","8":"pa_fabric-satin-de-coton-1010","9":"pa_fabric-satin-de-coton-300","10":"pa_fabric-satin-de-coton-600","11":"pa_fabric-satin-de-coton-715","13":"first","14":"instock","15":"shipping-taxable","16":"purchasable","17":"product-type-variable"},"_links":{"self":[{"href":"https:\/\/www.antoinekaram.com\/fr\/wp-json\/wp\/v2\/product\/8141","targetHints":{"allow":["GET"]}}],"collection":[{"href":"https:\/\/www.antoinekaram.com\/fr\/wp-json\/wp\/v2\/product"}],"about":[{"href":"https:\/\/www.antoinekaram.com\/fr\/wp-json\/wp\/v2\/types\/product"}],"replies":[{"embeddable":true,"href":"https:\/\/www.antoinekaram.com\/fr\/wp-json\/wp\/v2\/comments?post=8141"}],"wp:featuredmedia":[{"embeddable":true,"href":"https:\/\/www.antoinekaram.com\/fr\/wp-json\/wp\/v2\/media\/7811"}],"wp:attachment":[{"href":"https:\/\/www.antoinekaram.com\/fr\/wp-json\/wp\/v2\/media?parent=8141"}],"wp:term":[{"taxonomy":"product_brand","embeddable":true,"href":"https:\/\/www.antoinekaram.com\/fr\/wp-json\/wp\/v2\/product_brand?post=8141"},{"taxonomy":"product_cat","embeddable":true,"href":"https:\/\/www.antoinekaram.com\/fr\/wp-json\/wp\/v2\/product_cat?post=8141"},{"taxonomy":"product_tag","embeddable":true,"href":"https:\/\/www.antoinekaram.com\/fr\/wp-json\/wp\/v2\/product_tag?post=8141"}],"curies":[{"name":"wp","href":"https:\/\/api.w.org\/{rel}","templated":true}]}}