{"id":8119,"date":"2022-11-06T15:54:03","date_gmt":"2022-11-06T13:54:03","guid":{"rendered":"https:\/\/www.antoinekaram.com\/product\/anne-parure-de-lit\/"},"modified":"2025-10-16T11:26:29","modified_gmt":"2025-10-16T08:26:29","slug":"anne-parure-de-lit","status":"publish","type":"product","link":"https:\/\/www.antoinekaram.com\/fr\/produit\/anne-parure-de-lit\/","title":{"rendered":"Anne Parure de lit"},"content":{"rendered":"<p><strong>Anne Parure de lit Caract\u00e9ristiques :<\/strong><\/p>\n<ul>\n<li style=\"font-weight: 400;\" aria-level=\"1\"><span style=\"font-weight: 400;\">De d\u00e9licats accents de dentelle : La parure de lit Anne Lace est orn\u00e9e de d\u00e9tails en dentelle, ajoutant une touche de beaut\u00e9 d\u00e9licate et de romantisme \u00e0 la d\u00e9coration de votre chambre.<\/span><\/li>\n<li style=\"font-weight: 400;\" aria-level=\"1\"><span style=\"font-weight: 400;\">Une \u00e9l\u00e9gance intemporelle : Avec son design classique et son esth\u00e9tique romantique, cet ensemble de literie apporte une \u00e9l\u00e9gance intemporelle \u00e0 toute chambre \u00e0 coucher, cr\u00e9ant une atmosph\u00e8re chaleureuse et accueillante.<\/span><\/li>\n<li style=\"font-weight: 400;\" aria-level=\"1\"><span style=\"font-weight: 400;\">Confort luxueux : Fabriqu\u00e9 \u00e0 partir de mat\u00e9riaux de haute qualit\u00e9, l&rsquo;ensemble de lit Anne Lace offre un confort et une douceur luxueux, garantissant un sommeil r\u00e9parateur dans un cadre romantique et charmant.<\/span><\/li>\n<\/ul>\n<p>&nbsp;<\/p>\n","protected":false},"excerpt":{"rendered":"<p><span style=\"font-weight: 400;\">Un ajout romantique et d\u00e9licat \u00e0 la d\u00e9coration de votre chambre \u00e0 coucher, qui d\u00e9gage un charme et une \u00e9l\u00e9gance intemporels. R\u00e9alis\u00e9e avec des d\u00e9tails de dentelle complexes, la parure de lit Anne est con\u00e7ue pour \u00e9voquer un sentiment de romance et de sophistication, transformant votre espace de sommeil en un havre de tranquillit\u00e9 et de beaut\u00e9.<\/span><\/p>\n","protected":false},"featured_media":7825,"comment_status":"open","ping_status":"closed","template":"","meta":{"_joinchat":[]},"product_brand":[],"product_cat":[256,257],"product_tag":[],"class_list":{"0":"post-8119","1":"product","2":"type-product","3":"status-publish","4":"has-post-thumbnail","6":"product_cat-dentelle","7":"product_cat-parures-de-lit","8":"pa_fabric-satin-de-coton-300","10":"first","11":"instock","12":"shipping-taxable","13":"purchasable","14":"product-type-variable"},"_links":{"self":[{"href":"https:\/\/www.antoinekaram.com\/fr\/wp-json\/wp\/v2\/product\/8119","targetHints":{"allow":["GET"]}}],"collection":[{"href":"https:\/\/www.antoinekaram.com\/fr\/wp-json\/wp\/v2\/product"}],"about":[{"href":"https:\/\/www.antoinekaram.com\/fr\/wp-json\/wp\/v2\/types\/product"}],"replies":[{"embeddable":true,"href":"https:\/\/www.antoinekaram.com\/fr\/wp-json\/wp\/v2\/comments?post=8119"}],"wp:featuredmedia":[{"embeddable":true,"href":"https:\/\/www.antoinekaram.com\/fr\/wp-json\/wp\/v2\/media\/7825"}],"wp:attachment":[{"href":"https:\/\/www.antoinekaram.com\/fr\/wp-json\/wp\/v2\/media?parent=8119"}],"wp:term":[{"taxonomy":"product_brand","embeddable":true,"href":"https:\/\/www.antoinekaram.com\/fr\/wp-json\/wp\/v2\/product_brand?post=8119"},{"taxonomy":"product_cat","embeddable":true,"href":"https:\/\/www.antoinekaram.com\/fr\/wp-json\/wp\/v2\/product_cat?post=8119"},{"taxonomy":"product_tag","embeddable":true,"href":"https:\/\/www.antoinekaram.com\/fr\/wp-json\/wp\/v2\/product_tag?post=8119"}],"curies":[{"name":"wp","href":"https:\/\/api.w.org\/{rel}","templated":true}]}}