{"id":15887,"date":"2025-07-22T13:41:08","date_gmt":"2025-07-22T10:41:08","guid":{"rendered":"https:\/\/www.antoinekaram.com\/product\/empty-flower-set-de-table\/"},"modified":"2025-07-22T13:41:08","modified_gmt":"2025-07-22T10:41:08","slug":"empty-flower-set-de-table","status":"publish","type":"product","link":"https:\/\/www.antoinekaram.com\/fr\/produit\/empty-flower-set-de-table\/","title":{"rendered":"Empty Flower Set de table"},"content":{"rendered":"<h3><strong>Set de table Info :<\/strong><\/h3>\n<ul>\n<li>100% lin suisse.<\/li>\n<li>Dimensions du set de table : 38 x 49 cm.<\/li>\n<li>Dimensions de la serviette : 40 x 40 cm.<\/li>\n<li>Ajour Detailing<\/li>\n<\/ul>\n<p>*Chaque set de table est con\u00e7u avec sa serviette de table assortie pour un look harmonieux.<\/p>\n","protected":false},"excerpt":{"rendered":"<p>Une d\u00e9licieuse fusion d&rsquo;\u00e9l\u00e9gance et de charme printanier. Fabriqu\u00e9 dans un blanc immacul\u00e9 avec des fleurs printani\u00e8res roses et jaunes m\u00e9ticuleusement brod\u00e9es, notre set de table ajoutera une touche de beaut\u00e9 saisonni\u00e8re \u00e0 votre table. <\/p>\n<p>Classique et moderne, elle rehausse sans effort toute salle \u00e0 manger avec une explosion de couleurs vibrantes et une sophistication raffin\u00e9e.<\/p>\n","protected":false},"featured_media":15086,"comment_status":"closed","ping_status":"closed","template":"","meta":{"_joinchat":[]},"product_brand":[],"product_cat":[284,285],"product_tag":[287,286],"class_list":{"0":"post-15887","1":"product","2":"type-product","3":"status-publish","4":"has-post-thumbnail","6":"product_cat-linge-de-table","7":"product_cat-sets-de-table-et-serviettes","8":"product_tag-serviettes","9":"product_tag-sets-de-table","11":"first","12":"instock","13":"shipping-taxable","14":"purchasable","15":"product-type-simple"},"_links":{"self":[{"href":"https:\/\/www.antoinekaram.com\/fr\/wp-json\/wp\/v2\/product\/15887","targetHints":{"allow":["GET"]}}],"collection":[{"href":"https:\/\/www.antoinekaram.com\/fr\/wp-json\/wp\/v2\/product"}],"about":[{"href":"https:\/\/www.antoinekaram.com\/fr\/wp-json\/wp\/v2\/types\/product"}],"replies":[{"embeddable":true,"href":"https:\/\/www.antoinekaram.com\/fr\/wp-json\/wp\/v2\/comments?post=15887"}],"wp:featuredmedia":[{"embeddable":true,"href":"https:\/\/www.antoinekaram.com\/fr\/wp-json\/wp\/v2\/media\/15086"}],"wp:attachment":[{"href":"https:\/\/www.antoinekaram.com\/fr\/wp-json\/wp\/v2\/media?parent=15887"}],"wp:term":[{"taxonomy":"product_brand","embeddable":true,"href":"https:\/\/www.antoinekaram.com\/fr\/wp-json\/wp\/v2\/product_brand?post=15887"},{"taxonomy":"product_cat","embeddable":true,"href":"https:\/\/www.antoinekaram.com\/fr\/wp-json\/wp\/v2\/product_cat?post=15887"},{"taxonomy":"product_tag","embeddable":true,"href":"https:\/\/www.antoinekaram.com\/fr\/wp-json\/wp\/v2\/product_tag?post=15887"}],"curies":[{"name":"wp","href":"https:\/\/api.w.org\/{rel}","templated":true}]}}