{"id":15886,"date":"2025-07-22T13:50:14","date_gmt":"2025-07-22T10:50:14","guid":{"rendered":"https:\/\/www.antoinekaram.com\/product\/set-de-sets-de-table-como\/"},"modified":"2025-07-22T13:50:14","modified_gmt":"2025-07-22T10:50:14","slug":"set-de-sets-de-table-como","status":"publish","type":"product","link":"https:\/\/www.antoinekaram.com\/fr\/produit\/set-de-sets-de-table-como\/","title":{"rendered":"Set de sets de table Como"},"content":{"rendered":"<p><strong>Set de table Info :<\/strong><\/p>\n<ul>\n<li>100% lin suisse.<\/li>\n<li>Dimensions du set de table : 38 x 49 cm.<\/li>\n<li>Dimensions de la serviette : 40 x 40 cm.<\/li>\n<li>Ajour Detailing<\/li>\n<\/ul>\n<p>*Chaque set de table est con\u00e7u avec sa serviette de table assortie pour un look harmonieux.<\/p>\n","protected":false},"excerpt":{"rendered":"<p data-start=\"99\" data-end=\"301\">Un clin d&rsquo;\u0153il gracieux \u00e0 l&rsquo;\u00e9l\u00e9gance tranquille de la nature. D\u00e9licatement brod\u00e9 de branches douces et de petites feuilles sur les c\u00f4t\u00e9s, ce set de table apporte un sentiment de calme et de beaut\u00e9 organique \u00e0 votre table. <\/p>\n<p data-start=\"303\" data-end=\"488\">Con\u00e7u dans un blanc intemporel, il allie minimalisme moderne et sophistication naturelle, ce qui en fait un choix parfait pour les petits d\u00e9jeuners sereins, les d\u00eeners \u00e9l\u00e9gants ou les rassemblements saisonniers.<\/p>\n<p data-start=\"490\" data-end=\"603\">\n","protected":false},"featured_media":15098,"comment_status":"closed","ping_status":"closed","template":"","meta":{"_joinchat":[]},"product_brand":[],"product_cat":[284,285],"product_tag":[287,286],"class_list":{"0":"post-15886","1":"product","2":"type-product","3":"status-publish","4":"has-post-thumbnail","6":"product_cat-linge-de-table","7":"product_cat-sets-de-table-et-serviettes","8":"product_tag-serviettes","9":"product_tag-sets-de-table","11":"first","12":"instock","13":"shipping-taxable","14":"purchasable","15":"product-type-simple"},"_links":{"self":[{"href":"https:\/\/www.antoinekaram.com\/fr\/wp-json\/wp\/v2\/product\/15886","targetHints":{"allow":["GET"]}}],"collection":[{"href":"https:\/\/www.antoinekaram.com\/fr\/wp-json\/wp\/v2\/product"}],"about":[{"href":"https:\/\/www.antoinekaram.com\/fr\/wp-json\/wp\/v2\/types\/product"}],"replies":[{"embeddable":true,"href":"https:\/\/www.antoinekaram.com\/fr\/wp-json\/wp\/v2\/comments?post=15886"}],"wp:featuredmedia":[{"embeddable":true,"href":"https:\/\/www.antoinekaram.com\/fr\/wp-json\/wp\/v2\/media\/15098"}],"wp:attachment":[{"href":"https:\/\/www.antoinekaram.com\/fr\/wp-json\/wp\/v2\/media?parent=15886"}],"wp:term":[{"taxonomy":"product_brand","embeddable":true,"href":"https:\/\/www.antoinekaram.com\/fr\/wp-json\/wp\/v2\/product_brand?post=15886"},{"taxonomy":"product_cat","embeddable":true,"href":"https:\/\/www.antoinekaram.com\/fr\/wp-json\/wp\/v2\/product_cat?post=15886"},{"taxonomy":"product_tag","embeddable":true,"href":"https:\/\/www.antoinekaram.com\/fr\/wp-json\/wp\/v2\/product_tag?post=15886"}],"curies":[{"name":"wp","href":"https:\/\/api.w.org\/{rel}","templated":true}]}}