{"id":15037,"date":"2022-09-06T07:42:10","date_gmt":"2022-09-06T04:42:10","guid":{"rendered":"https:\/\/www.antoinekaram.com\/product\/boite-a-mouchoirs-anna\/"},"modified":"2025-10-15T23:24:18","modified_gmt":"2025-10-15T20:24:18","slug":"boite-a-mouchoirs-anna","status":"publish","type":"product","link":"https:\/\/www.antoinekaram.com\/fr\/produit\/boite-a-mouchoirs-anna\/","title":{"rendered":"Bo\u00eete \u00e0 mouchoirs Anna"},"content":{"rendered":"<p>Vous pr\u00e9f\u00e9rez une couleur, un motif ou une touche personnelle diff\u00e9rente ? <a href=\"https:\/\/www.antoinekaram.com\/fr\/sur-mesure\/\">Notre service sur mesure<\/a> offre une personnalisation compl\u00e8te pour compl\u00e9ter votre espace avec \u00e9l\u00e9gance et facilit\u00e9.<\/p>\n<p>&nbsp;<\/p>\n","protected":false},"excerpt":{"rendered":"<p data-start=\"155\" data-end=\"486\">Ce couvercle de bo\u00eete \u00e0 mouchoirs est fabriqu\u00e9 en lin naturel et orn\u00e9 d&rsquo;une d\u00e9licate broderie blanche, offrant un effet ton sur ton \u00e0 la fois moderne et intemporel. Le contraste doux ajoute de la texture sans distraire, ce qui est parfait pour les int\u00e9rieurs minimaux et calmes o\u00f9 chaque d\u00e9tail est pris en compte.<\/p>\n","protected":false},"featured_media":7920,"comment_status":"closed","ping_status":"closed","template":"","meta":{"_joinchat":[]},"product_brand":[],"product_cat":[307,284],"product_tag":[],"class_list":{"0":"post-15037","1":"product","2":"type-product","3":"status-publish","4":"has-post-thumbnail","6":"product_cat-boites-a-mouchoirs","7":"product_cat-linge-de-table","9":"first","10":"instock","11":"shipping-taxable","12":"purchasable","13":"product-type-variable"},"_links":{"self":[{"href":"https:\/\/www.antoinekaram.com\/fr\/wp-json\/wp\/v2\/product\/15037","targetHints":{"allow":["GET"]}}],"collection":[{"href":"https:\/\/www.antoinekaram.com\/fr\/wp-json\/wp\/v2\/product"}],"about":[{"href":"https:\/\/www.antoinekaram.com\/fr\/wp-json\/wp\/v2\/types\/product"}],"replies":[{"embeddable":true,"href":"https:\/\/www.antoinekaram.com\/fr\/wp-json\/wp\/v2\/comments?post=15037"}],"wp:featuredmedia":[{"embeddable":true,"href":"https:\/\/www.antoinekaram.com\/fr\/wp-json\/wp\/v2\/media\/7920"}],"wp:attachment":[{"href":"https:\/\/www.antoinekaram.com\/fr\/wp-json\/wp\/v2\/media?parent=15037"}],"wp:term":[{"taxonomy":"product_brand","embeddable":true,"href":"https:\/\/www.antoinekaram.com\/fr\/wp-json\/wp\/v2\/product_brand?post=15037"},{"taxonomy":"product_cat","embeddable":true,"href":"https:\/\/www.antoinekaram.com\/fr\/wp-json\/wp\/v2\/product_cat?post=15037"},{"taxonomy":"product_tag","embeddable":true,"href":"https:\/\/www.antoinekaram.com\/fr\/wp-json\/wp\/v2\/product_tag?post=15037"}],"curies":[{"name":"wp","href":"https:\/\/api.w.org\/{rel}","templated":true}]}}