{"id":14856,"date":"2025-07-02T16:09:55","date_gmt":"2025-07-02T13:09:55","guid":{"rendered":"https:\/\/www.antoinekaram.com\/product\/nappe-tulum\/"},"modified":"2025-07-02T16:09:55","modified_gmt":"2025-07-02T13:09:55","slug":"nappe-tulum","status":"publish","type":"product","link":"https:\/\/www.antoinekaram.com\/fr\/produit\/nappe-tulum\/","title":{"rendered":"Nappe Tulum"},"content":{"rendered":"<p>Une douce cascade de feuilles d&rsquo;argent d\u00e9licatement dispers\u00e9es sur le lin<br \/>\nComprend : 1 nappe et les serviettes de table assorties.<br \/>\nDimensions et couleurs de broderie personnalis\u00e9es disponibles sur demande.<\/p>\n","protected":false},"excerpt":{"rendered":"<p>Le set de nappes Silver Bloom pr\u00e9sente une composition po\u00e9tique d&rsquo;accents argent\u00e9s, rappelant des p\u00e9tales flottant sur du lin fin. Une pi\u00e8ce lumineuse et raffin\u00e9e qui ajoute une sophistication discr\u00e8te aux tables d\u00e9contract\u00e9es et formelles. <\/p>\n","protected":false},"featured_media":14444,"comment_status":"closed","ping_status":"closed","template":"","meta":{"_joinchat":[]},"product_brand":[],"product_cat":[284,366],"product_tag":[368,367],"class_list":{"0":"post-14856","1":"product","2":"type-product","3":"status-publish","4":"has-post-thumbnail","6":"product_cat-linge-de-table","7":"product_cat-nappes","8":"product_tag-linge-de-table","9":"product_tag-nappe","11":"first","12":"instock","13":"shipping-taxable","14":"purchasable","15":"product-type-variable"},"_links":{"self":[{"href":"https:\/\/www.antoinekaram.com\/fr\/wp-json\/wp\/v2\/product\/14856","targetHints":{"allow":["GET"]}}],"collection":[{"href":"https:\/\/www.antoinekaram.com\/fr\/wp-json\/wp\/v2\/product"}],"about":[{"href":"https:\/\/www.antoinekaram.com\/fr\/wp-json\/wp\/v2\/types\/product"}],"replies":[{"embeddable":true,"href":"https:\/\/www.antoinekaram.com\/fr\/wp-json\/wp\/v2\/comments?post=14856"}],"wp:featuredmedia":[{"embeddable":true,"href":"https:\/\/www.antoinekaram.com\/fr\/wp-json\/wp\/v2\/media\/14444"}],"wp:attachment":[{"href":"https:\/\/www.antoinekaram.com\/fr\/wp-json\/wp\/v2\/media?parent=14856"}],"wp:term":[{"taxonomy":"product_brand","embeddable":true,"href":"https:\/\/www.antoinekaram.com\/fr\/wp-json\/wp\/v2\/product_brand?post=14856"},{"taxonomy":"product_cat","embeddable":true,"href":"https:\/\/www.antoinekaram.com\/fr\/wp-json\/wp\/v2\/product_cat?post=14856"},{"taxonomy":"product_tag","embeddable":true,"href":"https:\/\/www.antoinekaram.com\/fr\/wp-json\/wp\/v2\/product_tag?post=14856"}],"curies":[{"name":"wp","href":"https:\/\/api.w.org\/{rel}","templated":true}]}}