{"id":14851,"date":"2025-07-02T16:03:48","date_gmt":"2025-07-02T13:03:48","guid":{"rendered":"https:\/\/www.antoinekaram.com\/product\/nappe-eclat\/"},"modified":"2025-07-02T16:03:48","modified_gmt":"2025-07-02T13:03:48","slug":"nappe-eclat","status":"publish","type":"product","link":"https:\/\/www.antoinekaram.com\/fr\/produit\/nappe-eclat\/","title":{"rendered":"Nappe Eclat"},"content":{"rendered":"<p>Une nappe en lin raffin\u00e9e, brod\u00e9e d&rsquo;accents dor\u00e9s et argent\u00e9s chatoyants &#8211; o\u00f9 l&rsquo;\u00e9l\u00e9gance intemporelle rencontre la c\u00e9l\u00e9bration.<\/p>\n<p>Tailles sur mesure disponibles sur demande.<\/p>\n","protected":false},"excerpt":{"rendered":"<p>Fabriqu\u00e9 \u00e0 partir du lin italien le plus fin, le set de nappes \u00c9clat apporte un \u00e9clat festif \u00e0 votre table. De minuscules carr\u00e9s dor\u00e9s et argent\u00e9s sont d\u00e9licatement brod\u00e9s en un motif dispers\u00e9, ajoutant profondeur et brillance sans surcharger le motif. Finie par une large bordure ajour\u00e9e, cette pi\u00e8ce est id\u00e9ale pour organiser des d\u00eeners \u00e9l\u00e9gants, des f\u00eates ou des moments sp\u00e9ciaux. Disponible avec les serviettes de table assorties.   <\/p>\n","protected":false},"featured_media":14441,"comment_status":"closed","ping_status":"closed","template":"","meta":{"_joinchat":[]},"product_brand":[],"product_cat":[366,284],"product_tag":[368,367],"class_list":{"0":"post-14851","1":"product","2":"type-product","3":"status-publish","4":"has-post-thumbnail","6":"product_cat-nappes","7":"product_cat-linge-de-table","8":"product_tag-linge-de-table","9":"product_tag-nappe","11":"first","12":"instock","13":"shipping-taxable","14":"purchasable","15":"product-type-variable"},"_links":{"self":[{"href":"https:\/\/www.antoinekaram.com\/fr\/wp-json\/wp\/v2\/product\/14851","targetHints":{"allow":["GET"]}}],"collection":[{"href":"https:\/\/www.antoinekaram.com\/fr\/wp-json\/wp\/v2\/product"}],"about":[{"href":"https:\/\/www.antoinekaram.com\/fr\/wp-json\/wp\/v2\/types\/product"}],"replies":[{"embeddable":true,"href":"https:\/\/www.antoinekaram.com\/fr\/wp-json\/wp\/v2\/comments?post=14851"}],"wp:featuredmedia":[{"embeddable":true,"href":"https:\/\/www.antoinekaram.com\/fr\/wp-json\/wp\/v2\/media\/14441"}],"wp:attachment":[{"href":"https:\/\/www.antoinekaram.com\/fr\/wp-json\/wp\/v2\/media?parent=14851"}],"wp:term":[{"taxonomy":"product_brand","embeddable":true,"href":"https:\/\/www.antoinekaram.com\/fr\/wp-json\/wp\/v2\/product_brand?post=14851"},{"taxonomy":"product_cat","embeddable":true,"href":"https:\/\/www.antoinekaram.com\/fr\/wp-json\/wp\/v2\/product_cat?post=14851"},{"taxonomy":"product_tag","embeddable":true,"href":"https:\/\/www.antoinekaram.com\/fr\/wp-json\/wp\/v2\/product_tag?post=14851"}],"curies":[{"name":"wp","href":"https:\/\/api.w.org\/{rel}","templated":true}]}}