{"id":14846,"date":"2025-07-02T16:14:01","date_gmt":"2025-07-02T13:14:01","guid":{"rendered":"https:\/\/www.antoinekaram.com\/product\/nappe-heritage\/"},"modified":"2025-07-02T16:14:01","modified_gmt":"2025-07-02T13:14:01","slug":"nappe-heritage","status":"publish","type":"product","link":"https:\/\/www.antoinekaram.com\/fr\/produit\/nappe-heritage\/","title":{"rendered":"Nappe h\u00e9ritage"},"content":{"rendered":"<p>Un m\u00e9lange exquis de dentelle, de rubans et d&rsquo;\u00e9l\u00e9gance intemporelle.<br \/>\nComprend : 1 nappe et des serviettes de table assorties.<br \/>\nDisponible dans des tailles et des couleurs de rubans personnalis\u00e9es pour s&rsquo;adapter \u00e0 votre \u00e9v\u00e9nement ou \u00e0 votre d\u00e9cor.<\/p>\n","protected":false},"excerpt":{"rendered":"<p>Inspir\u00e9e par le savoir-faire artisanal, la nappe Heirloom Lace est une c\u00e9l\u00e9bration du d\u00e9tail artisanal. Avec ses broderies complexes au point d&rsquo;\u00e9chelle, ses bordures d\u00e9licates en dentelle et sa finition en ruban de satin, cette pi\u00e8ce transforme n&rsquo;importe quelle table en une d\u00e9claration de raffinement. <\/p>\n","protected":false},"featured_media":14447,"comment_status":"closed","ping_status":"closed","template":"","meta":{"_joinchat":[]},"product_brand":[],"product_cat":[284,366],"product_tag":[],"class_list":{"0":"post-14846","1":"product","2":"type-product","3":"status-publish","4":"has-post-thumbnail","6":"product_cat-linge-de-table","7":"product_cat-nappes","9":"first","10":"instock","11":"shipping-taxable","12":"purchasable","13":"product-type-variable"},"_links":{"self":[{"href":"https:\/\/www.antoinekaram.com\/fr\/wp-json\/wp\/v2\/product\/14846","targetHints":{"allow":["GET"]}}],"collection":[{"href":"https:\/\/www.antoinekaram.com\/fr\/wp-json\/wp\/v2\/product"}],"about":[{"href":"https:\/\/www.antoinekaram.com\/fr\/wp-json\/wp\/v2\/types\/product"}],"replies":[{"embeddable":true,"href":"https:\/\/www.antoinekaram.com\/fr\/wp-json\/wp\/v2\/comments?post=14846"}],"wp:featuredmedia":[{"embeddable":true,"href":"https:\/\/www.antoinekaram.com\/fr\/wp-json\/wp\/v2\/media\/14447"}],"wp:attachment":[{"href":"https:\/\/www.antoinekaram.com\/fr\/wp-json\/wp\/v2\/media?parent=14846"}],"wp:term":[{"taxonomy":"product_brand","embeddable":true,"href":"https:\/\/www.antoinekaram.com\/fr\/wp-json\/wp\/v2\/product_brand?post=14846"},{"taxonomy":"product_cat","embeddable":true,"href":"https:\/\/www.antoinekaram.com\/fr\/wp-json\/wp\/v2\/product_cat?post=14846"},{"taxonomy":"product_tag","embeddable":true,"href":"https:\/\/www.antoinekaram.com\/fr\/wp-json\/wp\/v2\/product_tag?post=14846"}],"curies":[{"name":"wp","href":"https:\/\/api.w.org\/{rel}","templated":true}]}}