{"id":14841,"date":"2025-07-02T16:18:24","date_gmt":"2025-07-02T13:18:24","guid":{"rendered":"https:\/\/www.antoinekaram.com\/product\/nappe-solea\/"},"modified":"2025-07-02T16:18:24","modified_gmt":"2025-07-02T13:18:24","slug":"nappe-solea","status":"publish","type":"product","link":"https:\/\/www.antoinekaram.com\/fr\/produit\/nappe-solea\/","title":{"rendered":"Nappe Solea"},"content":{"rendered":"<p>Une composition gracieuse de fleurs brod\u00e9es, de branches d\u00e9licates et de sophistication tranquille.<br \/>\nComprend : 1 nappe et les serviettes de table assorties.<br \/>\nDisponible dans des tailles et des couleurs de fil personnalis\u00e9es pour s&rsquo;adapter \u00e0 votre d\u00e9cor.<\/p>\n","protected":false},"excerpt":{"rendered":"<p>La nappe Solea s&rsquo;inspire des rythmes doux de la nature, o\u00f9 les fleurs s&rsquo;\u00e9panouissent entre les branches sinueuses et les feuilles subtiles. Chaque \u00e9l\u00e9ment est d\u00e9licatement brod\u00e9, cr\u00e9ant un design harmonieux qui apporte un charme discret \u00e0 votre table. Hommage aux d\u00e9tails raffin\u00e9s et au go\u00fbt intemporel, Solea est id\u00e9ale pour les r\u00e9unions sereines et les c\u00e9l\u00e9brations raffin\u00e9es.  <\/p>\n","protected":false},"featured_media":14452,"comment_status":"closed","ping_status":"closed","template":"","meta":{"_joinchat":[]},"product_brand":[],"product_cat":[284,366],"product_tag":[],"class_list":{"0":"post-14841","1":"product","2":"type-product","3":"status-publish","4":"has-post-thumbnail","6":"product_cat-linge-de-table","7":"product_cat-nappes","9":"first","10":"instock","11":"shipping-taxable","12":"purchasable","13":"product-type-variable"},"_links":{"self":[{"href":"https:\/\/www.antoinekaram.com\/fr\/wp-json\/wp\/v2\/product\/14841","targetHints":{"allow":["GET"]}}],"collection":[{"href":"https:\/\/www.antoinekaram.com\/fr\/wp-json\/wp\/v2\/product"}],"about":[{"href":"https:\/\/www.antoinekaram.com\/fr\/wp-json\/wp\/v2\/types\/product"}],"replies":[{"embeddable":true,"href":"https:\/\/www.antoinekaram.com\/fr\/wp-json\/wp\/v2\/comments?post=14841"}],"wp:featuredmedia":[{"embeddable":true,"href":"https:\/\/www.antoinekaram.com\/fr\/wp-json\/wp\/v2\/media\/14452"}],"wp:attachment":[{"href":"https:\/\/www.antoinekaram.com\/fr\/wp-json\/wp\/v2\/media?parent=14841"}],"wp:term":[{"taxonomy":"product_brand","embeddable":true,"href":"https:\/\/www.antoinekaram.com\/fr\/wp-json\/wp\/v2\/product_brand?post=14841"},{"taxonomy":"product_cat","embeddable":true,"href":"https:\/\/www.antoinekaram.com\/fr\/wp-json\/wp\/v2\/product_cat?post=14841"},{"taxonomy":"product_tag","embeddable":true,"href":"https:\/\/www.antoinekaram.com\/fr\/wp-json\/wp\/v2\/product_tag?post=14841"}],"curies":[{"name":"wp","href":"https:\/\/api.w.org\/{rel}","templated":true}]}}