{"id":14836,"date":"2025-07-02T16:23:26","date_gmt":"2025-07-02T13:23:26","guid":{"rendered":"https:\/\/www.antoinekaram.com\/product\/nappe-libellule\/"},"modified":"2025-07-02T16:23:26","modified_gmt":"2025-07-02T13:23:26","slug":"nappe-libellule","status":"publish","type":"product","link":"https:\/\/www.antoinekaram.com\/fr\/produit\/nappe-libellule\/","title":{"rendered":"Nappe Libellule"},"content":{"rendered":"<p>L\u00e9ger comme l&rsquo;air, avec une broderie qui oscille entre \u00e9l\u00e9gance et fantaisie.<br \/>\nComprend : 1 nappe et les serviettes de table assorties.<br \/>\nDisponible dans des tailles et des couleurs de fil personnalis\u00e9es sur demande.<\/p>\n","protected":false},"excerpt":{"rendered":"<p>Il capture l&rsquo;essence de la beaut\u00e9 d\u00e9licate, tout comme la libellule dont il porte le nom. Avec ses broderies douces et gracieuses qui semblent danser sur le tissu, elle apporte une sensation de mouvement tranquille et un charme raffin\u00e9 \u00e0 n&rsquo;importe quel environnement. Parfait pour les d\u00e9jeuners sereins, les d\u00eeners inspir\u00e9s du jardin ou les occasions intemporelles qui exigent une \u00e9l\u00e9gance sans effort.  <\/p>\n","protected":false},"featured_media":14457,"comment_status":"closed","ping_status":"closed","template":"","meta":{"_joinchat":[]},"product_brand":[],"product_cat":[284,366],"product_tag":[368,367],"class_list":{"0":"post-14836","1":"product","2":"type-product","3":"status-publish","4":"has-post-thumbnail","6":"product_cat-linge-de-table","7":"product_cat-nappes","8":"product_tag-linge-de-table","9":"product_tag-nappe","11":"first","12":"instock","13":"shipping-taxable","14":"purchasable","15":"product-type-variable"},"_links":{"self":[{"href":"https:\/\/www.antoinekaram.com\/fr\/wp-json\/wp\/v2\/product\/14836","targetHints":{"allow":["GET"]}}],"collection":[{"href":"https:\/\/www.antoinekaram.com\/fr\/wp-json\/wp\/v2\/product"}],"about":[{"href":"https:\/\/www.antoinekaram.com\/fr\/wp-json\/wp\/v2\/types\/product"}],"replies":[{"embeddable":true,"href":"https:\/\/www.antoinekaram.com\/fr\/wp-json\/wp\/v2\/comments?post=14836"}],"wp:featuredmedia":[{"embeddable":true,"href":"https:\/\/www.antoinekaram.com\/fr\/wp-json\/wp\/v2\/media\/14457"}],"wp:attachment":[{"href":"https:\/\/www.antoinekaram.com\/fr\/wp-json\/wp\/v2\/media?parent=14836"}],"wp:term":[{"taxonomy":"product_brand","embeddable":true,"href":"https:\/\/www.antoinekaram.com\/fr\/wp-json\/wp\/v2\/product_brand?post=14836"},{"taxonomy":"product_cat","embeddable":true,"href":"https:\/\/www.antoinekaram.com\/fr\/wp-json\/wp\/v2\/product_cat?post=14836"},{"taxonomy":"product_tag","embeddable":true,"href":"https:\/\/www.antoinekaram.com\/fr\/wp-json\/wp\/v2\/product_tag?post=14836"}],"curies":[{"name":"wp","href":"https:\/\/api.w.org\/{rel}","templated":true}]}}