{"id":14831,"date":"2025-07-02T16:26:27","date_gmt":"2025-07-02T13:26:27","guid":{"rendered":"https:\/\/www.antoinekaram.com\/product\/nappe-3-lignes\/"},"modified":"2025-07-02T16:26:27","modified_gmt":"2025-07-02T13:26:27","slug":"nappe-3-lignes","status":"publish","type":"product","link":"https:\/\/www.antoinekaram.com\/fr\/produit\/nappe-3-lignes\/","title":{"rendered":"Nappe 3 lignes"},"content":{"rendered":"<p>Lignes \u00e9pur\u00e9es, rythme intemporel et \u00e9l\u00e9gance discr\u00e8te.<br \/>\nDisponible avec les serviettes de table assorties.<br \/>\nTailles sur mesure disponibles sur demande.<\/p>\n","protected":false},"excerpt":{"rendered":"<p>Fabriqu\u00e9 \u00e0 partir du lin italien le plus fin, le set de nappes Linea incarne une simplicit\u00e9 raffin\u00e9e. Trois lignes parall\u00e8les sont m\u00e9ticuleusement brod\u00e9es sur le tissu, cr\u00e9ant une silhouette structur\u00e9e et moderne qui s&rsquo;int\u00e8gre aussi bien dans les environnements contemporains que classiques. Avec sa sym\u00e9trie discr\u00e8te et sa finition sur mesure, Linea est parfait pour l&rsquo;\u00e9l\u00e9gance quotidienne ou l&rsquo;organisation d&rsquo;un \u00e9v\u00e9nement.  <\/p>\n","protected":false},"featured_media":14460,"comment_status":"closed","ping_status":"closed","template":"","meta":{"_joinchat":[]},"product_brand":[],"product_cat":[366,284],"product_tag":[368,367],"class_list":{"0":"post-14831","1":"product","2":"type-product","3":"status-publish","4":"has-post-thumbnail","6":"product_cat-nappes","7":"product_cat-linge-de-table","8":"product_tag-linge-de-table","9":"product_tag-nappe","11":"first","12":"instock","13":"shipping-taxable","14":"purchasable","15":"product-type-variable"},"_links":{"self":[{"href":"https:\/\/www.antoinekaram.com\/fr\/wp-json\/wp\/v2\/product\/14831","targetHints":{"allow":["GET"]}}],"collection":[{"href":"https:\/\/www.antoinekaram.com\/fr\/wp-json\/wp\/v2\/product"}],"about":[{"href":"https:\/\/www.antoinekaram.com\/fr\/wp-json\/wp\/v2\/types\/product"}],"replies":[{"embeddable":true,"href":"https:\/\/www.antoinekaram.com\/fr\/wp-json\/wp\/v2\/comments?post=14831"}],"wp:featuredmedia":[{"embeddable":true,"href":"https:\/\/www.antoinekaram.com\/fr\/wp-json\/wp\/v2\/media\/14460"}],"wp:attachment":[{"href":"https:\/\/www.antoinekaram.com\/fr\/wp-json\/wp\/v2\/media?parent=14831"}],"wp:term":[{"taxonomy":"product_brand","embeddable":true,"href":"https:\/\/www.antoinekaram.com\/fr\/wp-json\/wp\/v2\/product_brand?post=14831"},{"taxonomy":"product_cat","embeddable":true,"href":"https:\/\/www.antoinekaram.com\/fr\/wp-json\/wp\/v2\/product_cat?post=14831"},{"taxonomy":"product_tag","embeddable":true,"href":"https:\/\/www.antoinekaram.com\/fr\/wp-json\/wp\/v2\/product_tag?post=14831"}],"curies":[{"name":"wp","href":"https:\/\/api.w.org\/{rel}","templated":true}]}}