{"id":14772,"date":"2025-07-03T14:36:06","date_gmt":"2025-07-03T11:36:06","guid":{"rendered":"https:\/\/www.antoinekaram.com\/product\/tapis-de-plateau-a-petales\/"},"modified":"2025-10-15T22:27:06","modified_gmt":"2025-10-15T19:27:06","slug":"tapis-de-plateau-a-petales","status":"publish","type":"product","link":"https:\/\/www.antoinekaram.com\/fr\/produit\/tapis-de-plateau-a-petales\/","title":{"rendered":"Tapis de plateau \u00e0 p\u00e9tales"},"content":{"rendered":"<p>Plateau en lin encadr\u00e9 d&rsquo;une d\u00e9licate dentelle ronde.<\/p>\n<h3 class=\"fusion-responsive-typography-calculated\" data-fontsize=\"22\" data-lineheight=\"28.6px\"><strong>Dimensions du plateau :<\/strong><\/h3>\n<ul>\n<li>Petit : 28cm x 38cm<\/li>\n<li>Moyen : 32cm x 42cm<\/li>\n<li>Grande : 38cm x 49cm<\/li>\n<\/ul>\n","protected":false},"excerpt":{"rendered":"<p>Avec sa d\u00e9licate garniture en dentelle ronde, le dessous de plat Petal ajoute un charme doux et un d\u00e9tail classique \u00e0 tout moment de l&rsquo;hospitalit\u00e9, des ap\u00e9ritifs aux desserts.<\/p>\n","protected":false},"featured_media":14473,"comment_status":"closed","ping_status":"closed","template":"","meta":{"_joinchat":[]},"product_brand":[],"product_cat":[311,284],"product_tag":[357],"class_list":{"0":"post-14772","1":"product","2":"type-product","3":"status-publish","4":"has-post-thumbnail","6":"product_cat-tapis-de-plateau","7":"product_cat-linge-de-table","8":"product_tag-traymats-fr","10":"first","11":"instock","12":"shipping-taxable","13":"purchasable","14":"product-type-variable"},"_links":{"self":[{"href":"https:\/\/www.antoinekaram.com\/fr\/wp-json\/wp\/v2\/product\/14772","targetHints":{"allow":["GET"]}}],"collection":[{"href":"https:\/\/www.antoinekaram.com\/fr\/wp-json\/wp\/v2\/product"}],"about":[{"href":"https:\/\/www.antoinekaram.com\/fr\/wp-json\/wp\/v2\/types\/product"}],"replies":[{"embeddable":true,"href":"https:\/\/www.antoinekaram.com\/fr\/wp-json\/wp\/v2\/comments?post=14772"}],"wp:featuredmedia":[{"embeddable":true,"href":"https:\/\/www.antoinekaram.com\/fr\/wp-json\/wp\/v2\/media\/14473"}],"wp:attachment":[{"href":"https:\/\/www.antoinekaram.com\/fr\/wp-json\/wp\/v2\/media?parent=14772"}],"wp:term":[{"taxonomy":"product_brand","embeddable":true,"href":"https:\/\/www.antoinekaram.com\/fr\/wp-json\/wp\/v2\/product_brand?post=14772"},{"taxonomy":"product_cat","embeddable":true,"href":"https:\/\/www.antoinekaram.com\/fr\/wp-json\/wp\/v2\/product_cat?post=14772"},{"taxonomy":"product_tag","embeddable":true,"href":"https:\/\/www.antoinekaram.com\/fr\/wp-json\/wp\/v2\/product_tag?post=14772"}],"curies":[{"name":"wp","href":"https:\/\/api.w.org\/{rel}","templated":true}]}}