{"id":14755,"date":"2025-07-03T15:49:15","date_gmt":"2025-07-03T12:49:15","guid":{"rendered":"https:\/\/www.antoinekaram.com\/product\/tapis-de-plateau-leafbeige\/"},"modified":"2025-10-15T22:08:15","modified_gmt":"2025-10-15T19:08:15","slug":"tapis-de-plateau-leafbeige","status":"publish","type":"product","link":"https:\/\/www.antoinekaram.com\/fr\/produit\/tapis-de-plateau-leafbeige\/","title":{"rendered":"Tapis de plateau Leafbeige"},"content":{"rendered":"<p>Plateau en lin avec des d\u00e9tails de broderie de feuilles beiges.<\/p>\n<h3 class=\"fusion-responsive-typography-calculated\" data-fontsize=\"22\" data-lineheight=\"28.6px\"><strong>Dimensions du plateau :<\/strong><\/h3>\n<ul>\n<li>Petit : 28cm x 38cm<\/li>\n<li>Moyen : 32cm x 42cm<\/li>\n<li>Grande : 38cm x 49cm<\/li>\n<\/ul>\n","protected":false},"excerpt":{"rendered":"<p>Le tapis de plateau Leafbeige est d&rsquo;une \u00e9l\u00e9gance intemporelle gr\u00e2ce \u00e0 une broderie florale beige douce, offrant contraste et charme \u00e0 une toile de fond en lin classique.<\/p>\n","protected":false},"featured_media":14488,"comment_status":"closed","ping_status":"closed","template":"","meta":{"_joinchat":[]},"product_brand":[],"product_cat":[284,311],"product_tag":[357],"class_list":{"0":"post-14755","1":"product","2":"type-product","3":"status-publish","4":"has-post-thumbnail","6":"product_cat-linge-de-table","7":"product_cat-tapis-de-plateau","8":"product_tag-traymats-fr","10":"first","11":"instock","12":"shipping-taxable","13":"purchasable","14":"product-type-variable"},"_links":{"self":[{"href":"https:\/\/www.antoinekaram.com\/fr\/wp-json\/wp\/v2\/product\/14755","targetHints":{"allow":["GET"]}}],"collection":[{"href":"https:\/\/www.antoinekaram.com\/fr\/wp-json\/wp\/v2\/product"}],"about":[{"href":"https:\/\/www.antoinekaram.com\/fr\/wp-json\/wp\/v2\/types\/product"}],"replies":[{"embeddable":true,"href":"https:\/\/www.antoinekaram.com\/fr\/wp-json\/wp\/v2\/comments?post=14755"}],"wp:featuredmedia":[{"embeddable":true,"href":"https:\/\/www.antoinekaram.com\/fr\/wp-json\/wp\/v2\/media\/14488"}],"wp:attachment":[{"href":"https:\/\/www.antoinekaram.com\/fr\/wp-json\/wp\/v2\/media?parent=14755"}],"wp:term":[{"taxonomy":"product_brand","embeddable":true,"href":"https:\/\/www.antoinekaram.com\/fr\/wp-json\/wp\/v2\/product_brand?post=14755"},{"taxonomy":"product_cat","embeddable":true,"href":"https:\/\/www.antoinekaram.com\/fr\/wp-json\/wp\/v2\/product_cat?post=14755"},{"taxonomy":"product_tag","embeddable":true,"href":"https:\/\/www.antoinekaram.com\/fr\/wp-json\/wp\/v2\/product_tag?post=14755"}],"curies":[{"name":"wp","href":"https:\/\/api.w.org\/{rel}","templated":true}]}}