{"id":14751,"date":"2025-07-03T15:53:42","date_gmt":"2025-07-03T12:53:42","guid":{"rendered":"https:\/\/www.antoinekaram.com\/product\/tapis-de-plateau-goldlace\/"},"modified":"2025-10-15T21:57:00","modified_gmt":"2025-10-15T18:57:00","slug":"tapis-de-plateau-goldlace","status":"publish","type":"product","link":"https:\/\/www.antoinekaram.com\/fr\/produit\/tapis-de-plateau-goldlace\/","title":{"rendered":"Tapis de plateau Goldlace"},"content":{"rendered":"<p>Dessous de plat brod\u00e9 avec d\u00e9tails en dentelle dor\u00e9e.<\/p>\n<h3 class=\"fusion-responsive-typography-calculated\" data-fontsize=\"22\" data-lineheight=\"28.6px\"><strong>Dimensions du plateau :<\/strong><\/h3>\n<ul>\n<li>Petit : 28cm x 38cm<\/li>\n<li>Moyen : 32cm x 42cm<\/li>\n<li>Grande : 38cm x 49cm<\/li>\n<\/ul>\n","protected":false},"excerpt":{"rendered":"<p>Le tapis de plateau Goldlace allie une broderie de dentelle dor\u00e9e complexe \u00e0 un lin intemporel, id\u00e9al pour ajouter de l&rsquo;opulence \u00e0 vos moments d&rsquo;hospitalit\u00e9.<\/p>\n","protected":false},"featured_media":14491,"comment_status":"closed","ping_status":"closed","template":"","meta":{"_joinchat":[]},"product_brand":[],"product_cat":[284,311],"product_tag":[],"class_list":{"0":"post-14751","1":"product","2":"type-product","3":"status-publish","4":"has-post-thumbnail","6":"product_cat-linge-de-table","7":"product_cat-tapis-de-plateau","9":"first","10":"instock","11":"shipping-taxable","12":"purchasable","13":"product-type-variable"},"_links":{"self":[{"href":"https:\/\/www.antoinekaram.com\/fr\/wp-json\/wp\/v2\/product\/14751","targetHints":{"allow":["GET"]}}],"collection":[{"href":"https:\/\/www.antoinekaram.com\/fr\/wp-json\/wp\/v2\/product"}],"about":[{"href":"https:\/\/www.antoinekaram.com\/fr\/wp-json\/wp\/v2\/types\/product"}],"replies":[{"embeddable":true,"href":"https:\/\/www.antoinekaram.com\/fr\/wp-json\/wp\/v2\/comments?post=14751"}],"wp:featuredmedia":[{"embeddable":true,"href":"https:\/\/www.antoinekaram.com\/fr\/wp-json\/wp\/v2\/media\/14491"}],"wp:attachment":[{"href":"https:\/\/www.antoinekaram.com\/fr\/wp-json\/wp\/v2\/media?parent=14751"}],"wp:term":[{"taxonomy":"product_brand","embeddable":true,"href":"https:\/\/www.antoinekaram.com\/fr\/wp-json\/wp\/v2\/product_brand?post=14751"},{"taxonomy":"product_cat","embeddable":true,"href":"https:\/\/www.antoinekaram.com\/fr\/wp-json\/wp\/v2\/product_cat?post=14751"},{"taxonomy":"product_tag","embeddable":true,"href":"https:\/\/www.antoinekaram.com\/fr\/wp-json\/wp\/v2\/product_tag?post=14751"}],"curies":[{"name":"wp","href":"https:\/\/api.w.org\/{rel}","templated":true}]}}