{"id":14747,"date":"2025-07-03T15:56:37","date_gmt":"2025-07-03T12:56:37","guid":{"rendered":"https:\/\/www.antoinekaram.com\/product\/tapis-de-plateau-sunlace\/"},"modified":"2025-10-15T22:20:55","modified_gmt":"2025-10-15T19:20:55","slug":"tapis-de-plateau-sunlace","status":"publish","type":"product","link":"https:\/\/www.antoinekaram.com\/fr\/produit\/tapis-de-plateau-sunlace\/","title":{"rendered":"Tapis de plateau Sunlace"},"content":{"rendered":"<p>Tapis de plateau festonn\u00e9 avec broderie en pointill\u00e9s.<\/p>\n<h3 class=\"fusion-responsive-typography-calculated\" data-fontsize=\"22\" data-lineheight=\"28.6px\"><strong>Dimensions du plateau :<\/strong><\/h3>\n<ul>\n<li>Petit : 28cm x 38cm<\/li>\n<li>Moyen : 32cm x 42cm<\/li>\n<li>Grande : 38cm x 49cm<\/li>\n<\/ul>\n","protected":false},"excerpt":{"rendered":"<p>D\u00e9licatement festonn\u00e9 de broderies en pointill\u00e9s, le tapis de plateau Sunlace apporte une touche de gaiet\u00e9 \u00e0 votre d\u00e9cor. Fabriqu\u00e9 en lin fin, il est parfait pour les matin\u00e9es lumineuses et a\u00e9r\u00e9es ou les moments \u00e9l\u00e9gants en plein air.<\/p>\n","protected":false},"featured_media":14494,"comment_status":"closed","ping_status":"closed","template":"","meta":{"_joinchat":[]},"product_brand":[],"product_cat":[284,311],"product_tag":[357],"class_list":{"0":"post-14747","1":"product","2":"type-product","3":"status-publish","4":"has-post-thumbnail","6":"product_cat-linge-de-table","7":"product_cat-tapis-de-plateau","8":"product_tag-traymats-fr","10":"first","11":"instock","12":"shipping-taxable","13":"purchasable","14":"product-type-variable"},"_links":{"self":[{"href":"https:\/\/www.antoinekaram.com\/fr\/wp-json\/wp\/v2\/product\/14747","targetHints":{"allow":["GET"]}}],"collection":[{"href":"https:\/\/www.antoinekaram.com\/fr\/wp-json\/wp\/v2\/product"}],"about":[{"href":"https:\/\/www.antoinekaram.com\/fr\/wp-json\/wp\/v2\/types\/product"}],"replies":[{"embeddable":true,"href":"https:\/\/www.antoinekaram.com\/fr\/wp-json\/wp\/v2\/comments?post=14747"}],"wp:featuredmedia":[{"embeddable":true,"href":"https:\/\/www.antoinekaram.com\/fr\/wp-json\/wp\/v2\/media\/14494"}],"wp:attachment":[{"href":"https:\/\/www.antoinekaram.com\/fr\/wp-json\/wp\/v2\/media?parent=14747"}],"wp:term":[{"taxonomy":"product_brand","embeddable":true,"href":"https:\/\/www.antoinekaram.com\/fr\/wp-json\/wp\/v2\/product_brand?post=14747"},{"taxonomy":"product_cat","embeddable":true,"href":"https:\/\/www.antoinekaram.com\/fr\/wp-json\/wp\/v2\/product_cat?post=14747"},{"taxonomy":"product_tag","embeddable":true,"href":"https:\/\/www.antoinekaram.com\/fr\/wp-json\/wp\/v2\/product_tag?post=14747"}],"curies":[{"name":"wp","href":"https:\/\/api.w.org\/{rel}","templated":true}]}}