{"id":14743,"date":"2025-07-03T16:00:05","date_gmt":"2025-07-03T13:00:05","guid":{"rendered":"https:\/\/www.antoinekaram.com\/product\/tapis-de-plateau-lunaria\/"},"modified":"2025-10-15T22:16:39","modified_gmt":"2025-10-15T19:16:39","slug":"tapis-de-plateau-lunaria","status":"publish","type":"product","link":"https:\/\/www.antoinekaram.com\/fr\/produit\/tapis-de-plateau-lunaria\/","title":{"rendered":"Tapis de plateau Lunaria"},"content":{"rendered":"<p>Tapis de plateau \u00e0 fleurs de style vintage avec des bords orn\u00e9s.<\/p>\n<h3 class=\"fusion-responsive-typography-calculated\" data-fontsize=\"22\" data-lineheight=\"28.6px\"><strong>Dimensions du plateau :<\/strong><\/h3>\n<ul>\n<li>Petit : 28cm x 38cm<\/li>\n<li>Moyen : 32cm x 42cm<\/li>\n<li>Grande : 38cm x 49cm<\/li>\n<\/ul>\n","protected":false},"excerpt":{"rendered":"<p>Le dessous de plat Lunaria \u00e9voque la nostalgie avec sa broderie florale vintage et ses bords orn\u00e9s. Id\u00e9al pour les plateaux de petit-d\u00e9jeuner traditionnels ou romantiques, il allie l&rsquo;\u00e9l\u00e9gance intemporelle au charme artisanal.<\/p>\n","protected":false},"featured_media":14497,"comment_status":"closed","ping_status":"closed","template":"","meta":{"_joinchat":[]},"product_brand":[],"product_cat":[284,311],"product_tag":[357],"class_list":{"0":"post-14743","1":"product","2":"type-product","3":"status-publish","4":"has-post-thumbnail","6":"product_cat-linge-de-table","7":"product_cat-tapis-de-plateau","8":"product_tag-traymats-fr","10":"first","11":"instock","12":"shipping-taxable","13":"purchasable","14":"product-type-variable"},"_links":{"self":[{"href":"https:\/\/www.antoinekaram.com\/fr\/wp-json\/wp\/v2\/product\/14743","targetHints":{"allow":["GET"]}}],"collection":[{"href":"https:\/\/www.antoinekaram.com\/fr\/wp-json\/wp\/v2\/product"}],"about":[{"href":"https:\/\/www.antoinekaram.com\/fr\/wp-json\/wp\/v2\/types\/product"}],"replies":[{"embeddable":true,"href":"https:\/\/www.antoinekaram.com\/fr\/wp-json\/wp\/v2\/comments?post=14743"}],"wp:featuredmedia":[{"embeddable":true,"href":"https:\/\/www.antoinekaram.com\/fr\/wp-json\/wp\/v2\/media\/14497"}],"wp:attachment":[{"href":"https:\/\/www.antoinekaram.com\/fr\/wp-json\/wp\/v2\/media?parent=14743"}],"wp:term":[{"taxonomy":"product_brand","embeddable":true,"href":"https:\/\/www.antoinekaram.com\/fr\/wp-json\/wp\/v2\/product_brand?post=14743"},{"taxonomy":"product_cat","embeddable":true,"href":"https:\/\/www.antoinekaram.com\/fr\/wp-json\/wp\/v2\/product_cat?post=14743"},{"taxonomy":"product_tag","embeddable":true,"href":"https:\/\/www.antoinekaram.com\/fr\/wp-json\/wp\/v2\/product_tag?post=14743"}],"curies":[{"name":"wp","href":"https:\/\/api.w.org\/{rel}","templated":true}]}}