{"id":14280,"date":"2025-06-17T10:54:19","date_gmt":"2025-06-17T07:54:19","guid":{"rendered":"https:\/\/www.antoinekaram.com\/?post_type=product&#038;p=14280"},"modified":"2025-06-17T11:06:55","modified_gmt":"2025-06-17T08:06:55","slug":"pantoufles-copy","status":"publish","type":"product","link":"https:\/\/www.antoinekaram.com\/fr\/produit\/pantoufles-copy\/","title":{"rendered":"Pantoufles (Copy)"},"content":{"rendered":"<h3><strong>Informations sur les pantoufles :<\/strong><\/h3>\n<ul>\n<li>Semelle non glissante.<\/li>\n<li>100% coton \u00e9gyptien.<\/li>\n<li>Tiss\u00e9 en Italie.<\/li>\n<\/ul>\n","protected":false},"excerpt":{"rendered":"<p>Confortables et douces avec un bout rond, nos pantoufles en tissu \u00e9ponge sont parfaites pour \u00eatre port\u00e9es juste apr\u00e8s votre douche ou pour une promenade confortable dans votre maison.<\/p>\n","protected":false},"featured_media":7602,"comment_status":"closed","ping_status":"closed","template":"","meta":{"_joinchat":[]},"product_brand":[],"product_cat":[340,328],"product_tag":[],"class_list":{"0":"post-14280","1":"product","2":"type-product","3":"status-publish","4":"has-post-thumbnail","6":"product_cat-pantoufles","7":"product_cat-linge-de-bain","9":"first","10":"instock","11":"shipping-taxable","12":"purchasable","13":"product-type-variable"},"_links":{"self":[{"href":"https:\/\/www.antoinekaram.com\/fr\/wp-json\/wp\/v2\/product\/14280","targetHints":{"allow":["GET"]}}],"collection":[{"href":"https:\/\/www.antoinekaram.com\/fr\/wp-json\/wp\/v2\/product"}],"about":[{"href":"https:\/\/www.antoinekaram.com\/fr\/wp-json\/wp\/v2\/types\/product"}],"replies":[{"embeddable":true,"href":"https:\/\/www.antoinekaram.com\/fr\/wp-json\/wp\/v2\/comments?post=14280"}],"wp:featuredmedia":[{"embeddable":true,"href":"https:\/\/www.antoinekaram.com\/fr\/wp-json\/wp\/v2\/media\/7602"}],"wp:attachment":[{"href":"https:\/\/www.antoinekaram.com\/fr\/wp-json\/wp\/v2\/media?parent=14280"}],"wp:term":[{"taxonomy":"product_brand","embeddable":true,"href":"https:\/\/www.antoinekaram.com\/fr\/wp-json\/wp\/v2\/product_brand?post=14280"},{"taxonomy":"product_cat","embeddable":true,"href":"https:\/\/www.antoinekaram.com\/fr\/wp-json\/wp\/v2\/product_cat?post=14280"},{"taxonomy":"product_tag","embeddable":true,"href":"https:\/\/www.antoinekaram.com\/fr\/wp-json\/wp\/v2\/product_tag?post=14280"}],"curies":[{"name":"wp","href":"https:\/\/api.w.org\/{rel}","templated":true}]}}