{"id":14002,"date":"2022-11-01T04:55:05","date_gmt":"2022-11-01T02:55:05","guid":{"rendered":"https:\/\/www.antoinekaram.com\/product\/kayla-parure-de-lit\/"},"modified":"2025-10-21T12:14:08","modified_gmt":"2025-10-21T09:14:08","slug":"kayla-parure-de-lit","status":"publish","type":"product","link":"https:\/\/www.antoinekaram.com\/fr\/produit\/kayla-parure-de-lit\/","title":{"rendered":"Kayla Parure De Lit"},"content":{"rendered":"<p><strong>Ensemble de draps de lit Kayla Caract\u00e9ristiques :<\/strong><\/p>\n<ul>\n<li style=\"font-weight: 400;\" aria-level=\"1\"><span style=\"font-weight: 400;\">Confort supr\u00eame : Profitez de la douceur luxueuse du satin 100 % coton, qui offre un toucher doux et accueillant contre votre peau pour une nuit de sommeil r\u00e9parateur.<\/span><\/li>\n<li><span style=\"font-weight: 400;\">Broderie florale exquise : Chaque fleur est brod\u00e9e de mani\u00e8re complexe par des artisans qualifi\u00e9s, cr\u00e9ant un spectacle visuel \u00e9poustouflant qui ajoute une touche de beaut\u00e9 raffin\u00e9e \u00e0 votre ensemble de literie.<\/span><\/li>\n<li style=\"font-weight: 400;\" aria-level=\"1\"><span style=\"font-weight: 400;\">Qualit\u00e9 durable : Fabriqu\u00e9s en satin de coton de premi\u00e8re qualit\u00e9, les draps de lit Lea promettent une douceur et une durabilit\u00e9 durables, garantissant que votre lit reste un sanctuaire de confort et de style pendant des ann\u00e9es.<\/span><\/li>\n<\/ul>\n","protected":false},"excerpt":{"rendered":"<p><span style=\"font-weight: 400;\">Le drap de lit Kayla est une fusion harmonieuse d&rsquo;\u00e9l\u00e9gance intemporelle et de charme d\u00e9licat, m\u00e9ticuleusement con\u00e7u pour rehausser l&rsquo;ambiance de votre chambre \u00e0 coucher. Il est disponible en deux variantes captivantes, l&rsquo;une en blanc serein et bleu layette avec des fleurs bleues brod\u00e9es et l&rsquo;autre en blanc \u00e9clatant avec des fleurs brod\u00e9es de couleur p\u00eache. Ce drap de lit respire la sophistication et l&rsquo;allure. <\/span><\/p>\n<p>&nbsp;<\/p>\n","protected":false},"featured_media":7751,"comment_status":"open","ping_status":"closed","template":"","meta":{"_joinchat":[]},"product_brand":[],"product_cat":[265,257],"product_tag":[],"class_list":{"0":"post-14002","1":"product","2":"type-product","3":"status-publish","4":"has-post-thumbnail","6":"product_cat-floral-fr","7":"product_cat-parures-de-lit","8":"pa_fabric-satin-de-coton-1010","9":"pa_fabric-satin-de-coton-300","10":"pa_fabric-satin-de-coton-600","11":"pa_fabric-satin-de-coton-715","13":"first","14":"instock","15":"shipping-taxable","16":"purchasable","17":"product-type-variable"},"_links":{"self":[{"href":"https:\/\/www.antoinekaram.com\/fr\/wp-json\/wp\/v2\/product\/14002","targetHints":{"allow":["GET"]}}],"collection":[{"href":"https:\/\/www.antoinekaram.com\/fr\/wp-json\/wp\/v2\/product"}],"about":[{"href":"https:\/\/www.antoinekaram.com\/fr\/wp-json\/wp\/v2\/types\/product"}],"replies":[{"embeddable":true,"href":"https:\/\/www.antoinekaram.com\/fr\/wp-json\/wp\/v2\/comments?post=14002"}],"wp:featuredmedia":[{"embeddable":true,"href":"https:\/\/www.antoinekaram.com\/fr\/wp-json\/wp\/v2\/media\/7751"}],"wp:attachment":[{"href":"https:\/\/www.antoinekaram.com\/fr\/wp-json\/wp\/v2\/media?parent=14002"}],"wp:term":[{"taxonomy":"product_brand","embeddable":true,"href":"https:\/\/www.antoinekaram.com\/fr\/wp-json\/wp\/v2\/product_brand?post=14002"},{"taxonomy":"product_cat","embeddable":true,"href":"https:\/\/www.antoinekaram.com\/fr\/wp-json\/wp\/v2\/product_cat?post=14002"},{"taxonomy":"product_tag","embeddable":true,"href":"https:\/\/www.antoinekaram.com\/fr\/wp-json\/wp\/v2\/product_tag?post=14002"}],"curies":[{"name":"wp","href":"https:\/\/api.w.org\/{rel}","templated":true}]}}