{"id":12978,"date":"2025-02-05T14:58:55","date_gmt":"2025-02-05T12:58:55","guid":{"rendered":"https:\/\/www.antoinekaram.com\/product\/mosaic-taie-doreiller\/"},"modified":"2025-10-17T14:15:10","modified_gmt":"2025-10-17T11:15:10","slug":"mosaic-taie-doreiller","status":"publish","type":"product","link":"https:\/\/www.antoinekaram.com\/fr\/produit\/mosaic-taie-doreiller\/","title":{"rendered":"Mosaic Taie d&rsquo;oreiller"},"content":{"rendered":"","protected":false},"excerpt":{"rendered":"<p>Inspir\u00e9e des motifs de mosa\u00efque, cette nouvelle parure pr\u00e9sente des broderies complexes sur le satin de coton italien le plus fin, ajoutant une touche d&rsquo;\u00e9l\u00e9gance unique. Notre taie d&rsquo;oreiller est certifi\u00e9e OEKO-TEX.<\/p>\n<p>L&rsquo;ensemble comprend 2 taies d&rsquo;oreiller (l&rsquo;oreiller du petit d\u00e9jeuner est vendu s\u00e9par\u00e9ment).<\/p>\n<p>Un service sur mesure est disponible pour la personnalisation.<\/p>\n","protected":false},"featured_media":9148,"comment_status":"closed","ping_status":"closed","template":"","meta":{"_joinchat":[]},"product_brand":[],"product_cat":[277,299],"product_tag":[],"class_list":{"0":"post-12978","1":"product","2":"type-product","3":"status-publish","4":"has-post-thumbnail","6":"product_cat-taies-doreiller","7":"product_cat-linge-de-lit","8":"pa_fabric-satin-de-coton-1010","9":"pa_fabric-satin-de-coton-300","10":"pa_fabric-satin-de-coton-600","11":"pa_fabric-satin-de-coton-715","13":"first","14":"instock","15":"shipping-taxable","16":"purchasable","17":"product-type-variable"},"_links":{"self":[{"href":"https:\/\/www.antoinekaram.com\/fr\/wp-json\/wp\/v2\/product\/12978","targetHints":{"allow":["GET"]}}],"collection":[{"href":"https:\/\/www.antoinekaram.com\/fr\/wp-json\/wp\/v2\/product"}],"about":[{"href":"https:\/\/www.antoinekaram.com\/fr\/wp-json\/wp\/v2\/types\/product"}],"replies":[{"embeddable":true,"href":"https:\/\/www.antoinekaram.com\/fr\/wp-json\/wp\/v2\/comments?post=12978"}],"wp:featuredmedia":[{"embeddable":true,"href":"https:\/\/www.antoinekaram.com\/fr\/wp-json\/wp\/v2\/media\/9148"}],"wp:attachment":[{"href":"https:\/\/www.antoinekaram.com\/fr\/wp-json\/wp\/v2\/media?parent=12978"}],"wp:term":[{"taxonomy":"product_brand","embeddable":true,"href":"https:\/\/www.antoinekaram.com\/fr\/wp-json\/wp\/v2\/product_brand?post=12978"},{"taxonomy":"product_cat","embeddable":true,"href":"https:\/\/www.antoinekaram.com\/fr\/wp-json\/wp\/v2\/product_cat?post=12978"},{"taxonomy":"product_tag","embeddable":true,"href":"https:\/\/www.antoinekaram.com\/fr\/wp-json\/wp\/v2\/product_tag?post=12978"}],"curies":[{"name":"wp","href":"https:\/\/api.w.org\/{rel}","templated":true}]}}