{"id":12704,"date":"2025-02-04T12:09:14","date_gmt":"2025-02-04T10:09:14","guid":{"rendered":"https:\/\/www.antoinekaram.com\/product\/emma-taie-doreiller\/"},"modified":"2025-10-20T14:04:57","modified_gmt":"2025-10-20T11:04:57","slug":"emma-taie-doreiller","status":"publish","type":"product","link":"https:\/\/www.antoinekaram.com\/fr\/produit\/emma-taie-doreiller\/","title":{"rendered":"Emma Taie d&rsquo;oreiller"},"content":{"rendered":"","protected":false},"excerpt":{"rendered":"<p>D&rsquo;\u00e9l\u00e9gantes broderies d&rsquo;inspiration printani\u00e8re embellissent le satin de coton italien le plus fin, cr\u00e9ant une touche de fra\u00eecheur et de sophistication. Notre taie d&rsquo;oreiller est certifi\u00e9e OEKO-TEX.<\/p>\n<p>L&rsquo;ensemble comprend 2 taies d&rsquo;oreiller (l&rsquo;oreiller du petit d\u00e9jeuner est vendu s\u00e9par\u00e9ment).<\/p>\n<p>Un service sur mesure est disponible pour la personnalisation.<\/p>\n","protected":false},"featured_media":9081,"comment_status":"closed","ping_status":"closed","template":"","meta":{"_joinchat":[]},"product_brand":[],"product_cat":[277,265,299],"product_tag":[],"class_list":{"0":"post-12704","1":"product","2":"type-product","3":"status-publish","4":"has-post-thumbnail","6":"product_cat-taies-doreiller","7":"product_cat-floral-fr","8":"product_cat-linge-de-lit","9":"pa_fabric-satin-de-coton-1010","10":"pa_fabric-satin-de-coton-300","11":"pa_fabric-satin-de-coton-600","12":"pa_fabric-satin-de-coton-715","14":"first","15":"instock","16":"shipping-taxable","17":"purchasable","18":"product-type-variable"},"_links":{"self":[{"href":"https:\/\/www.antoinekaram.com\/fr\/wp-json\/wp\/v2\/product\/12704","targetHints":{"allow":["GET"]}}],"collection":[{"href":"https:\/\/www.antoinekaram.com\/fr\/wp-json\/wp\/v2\/product"}],"about":[{"href":"https:\/\/www.antoinekaram.com\/fr\/wp-json\/wp\/v2\/types\/product"}],"replies":[{"embeddable":true,"href":"https:\/\/www.antoinekaram.com\/fr\/wp-json\/wp\/v2\/comments?post=12704"}],"wp:featuredmedia":[{"embeddable":true,"href":"https:\/\/www.antoinekaram.com\/fr\/wp-json\/wp\/v2\/media\/9081"}],"wp:attachment":[{"href":"https:\/\/www.antoinekaram.com\/fr\/wp-json\/wp\/v2\/media?parent=12704"}],"wp:term":[{"taxonomy":"product_brand","embeddable":true,"href":"https:\/\/www.antoinekaram.com\/fr\/wp-json\/wp\/v2\/product_brand?post=12704"},{"taxonomy":"product_cat","embeddable":true,"href":"https:\/\/www.antoinekaram.com\/fr\/wp-json\/wp\/v2\/product_cat?post=12704"},{"taxonomy":"product_tag","embeddable":true,"href":"https:\/\/www.antoinekaram.com\/fr\/wp-json\/wp\/v2\/product_tag?post=12704"}],"curies":[{"name":"wp","href":"https:\/\/api.w.org\/{rel}","templated":true}]}}