{"id":12606,"date":"2025-01-30T10:34:32","date_gmt":"2025-01-30T08:34:32","guid":{"rendered":"https:\/\/www.antoinekaram.com\/product\/cordelia-taie-doreiller\/"},"modified":"2025-10-17T12:24:39","modified_gmt":"2025-10-17T09:24:39","slug":"cordelia-taie-doreiller","status":"publish","type":"product","link":"https:\/\/www.antoinekaram.com\/fr\/produit\/cordelia-taie-doreiller\/","title":{"rendered":"Cordelia Taie d&rsquo;oreiller"},"content":{"rendered":"","protected":false},"excerpt":{"rendered":"<p>Une dentelle exquise orne d\u00e9licatement le satin de coton italien le plus fin, cr\u00e9ant une pi\u00e8ce luxueuse et intemporelle. Notre taie d&rsquo;oreiller est fabriqu\u00e9e \u00e0 partir des meilleurs textiles italiens et certifi\u00e9e OEKO-TEX pour une qualit\u00e9 et une durabilit\u00e9 optimales.<\/p>\n<p>Cet ensemble comprend 2 taies d&rsquo;oreiller (l&rsquo;oreiller du petit d\u00e9jeuner est vendu s\u00e9par\u00e9ment).<\/p>\n<p>Un service sur mesure est disponible pour la personnalisation.<\/p>\n","protected":false},"featured_media":8974,"comment_status":"closed","ping_status":"closed","template":"","meta":{"_joinchat":[]},"product_brand":[],"product_cat":[277,256,299],"product_tag":[],"class_list":{"0":"post-12606","1":"product","2":"type-product","3":"status-publish","4":"has-post-thumbnail","6":"product_cat-taies-doreiller","7":"product_cat-dentelle","8":"product_cat-linge-de-lit","9":"pa_fabric-satin-de-coton-1010","10":"pa_fabric-satin-de-coton-300","11":"pa_fabric-satin-de-coton-600","12":"pa_fabric-satin-de-coton-715","14":"first","15":"instock","16":"shipping-taxable","17":"purchasable","18":"product-type-variable"},"_links":{"self":[{"href":"https:\/\/www.antoinekaram.com\/fr\/wp-json\/wp\/v2\/product\/12606","targetHints":{"allow":["GET"]}}],"collection":[{"href":"https:\/\/www.antoinekaram.com\/fr\/wp-json\/wp\/v2\/product"}],"about":[{"href":"https:\/\/www.antoinekaram.com\/fr\/wp-json\/wp\/v2\/types\/product"}],"replies":[{"embeddable":true,"href":"https:\/\/www.antoinekaram.com\/fr\/wp-json\/wp\/v2\/comments?post=12606"}],"wp:featuredmedia":[{"embeddable":true,"href":"https:\/\/www.antoinekaram.com\/fr\/wp-json\/wp\/v2\/media\/8974"}],"wp:attachment":[{"href":"https:\/\/www.antoinekaram.com\/fr\/wp-json\/wp\/v2\/media?parent=12606"}],"wp:term":[{"taxonomy":"product_brand","embeddable":true,"href":"https:\/\/www.antoinekaram.com\/fr\/wp-json\/wp\/v2\/product_brand?post=12606"},{"taxonomy":"product_cat","embeddable":true,"href":"https:\/\/www.antoinekaram.com\/fr\/wp-json\/wp\/v2\/product_cat?post=12606"},{"taxonomy":"product_tag","embeddable":true,"href":"https:\/\/www.antoinekaram.com\/fr\/wp-json\/wp\/v2\/product_tag?post=12606"}],"curies":[{"name":"wp","href":"https:\/\/api.w.org\/{rel}","templated":true}]}}