{"id":12303,"date":"2025-01-29T14:38:45","date_gmt":"2025-01-29T12:38:45","guid":{"rendered":"https:\/\/www.antoinekaram.com\/product\/3-lignes-taie-doreiller\/"},"modified":"2025-10-17T09:54:42","modified_gmt":"2025-10-17T06:54:42","slug":"3-lignes-taie-doreiller","status":"publish","type":"product","link":"https:\/\/www.antoinekaram.com\/fr\/produit\/3-lignes-taie-doreiller\/","title":{"rendered":"3 Lignes Taie d&rsquo;oreiller"},"content":{"rendered":"","protected":false},"excerpt":{"rendered":"<p>Des \u00e9l\u00e9ments entrelac\u00e9s d\u00e9licatement brod\u00e9s ornent le plus fin satin de coton italien \u00e0 longues agrafes, cr\u00e9ant ainsi une pi\u00e8ce luxueuse et intemporelle. Notre taie d&rsquo;oreiller est fabriqu\u00e9e \u00e0 partir des meilleurs textiles italiens et est certifi\u00e9e OEKO-TEX pour une qualit\u00e9 et une durabilit\u00e9 optimales.<\/p>\n<p>L&rsquo;ensemble comprend 2 taies d&rsquo;oreiller (l&rsquo;oreiller du petit d\u00e9jeuner est vendu s\u00e9par\u00e9ment).<\/p>\n<p>Un service sur mesure est disponible pour la personnalisation.<\/p>\n","protected":false},"featured_media":8928,"comment_status":"closed","ping_status":"closed","template":"","meta":{"_joinchat":[]},"product_brand":[],"product_cat":[277,303,299],"product_tag":[342],"class_list":{"0":"post-12303","1":"product","2":"type-product","3":"status-publish","4":"has-post-thumbnail","6":"product_cat-taies-doreiller","7":"product_cat-intemporel","8":"product_cat-linge-de-lit","9":"product_tag-taie-doreiller","10":"pa_fabric-satin-de-coton-1010","11":"pa_fabric-satin-de-coton-300","12":"pa_fabric-satin-de-coton-600","13":"pa_fabric-satin-de-coton-715","15":"first","16":"instock","17":"shipping-taxable","18":"purchasable","19":"product-type-variable"},"_links":{"self":[{"href":"https:\/\/www.antoinekaram.com\/fr\/wp-json\/wp\/v2\/product\/12303","targetHints":{"allow":["GET"]}}],"collection":[{"href":"https:\/\/www.antoinekaram.com\/fr\/wp-json\/wp\/v2\/product"}],"about":[{"href":"https:\/\/www.antoinekaram.com\/fr\/wp-json\/wp\/v2\/types\/product"}],"replies":[{"embeddable":true,"href":"https:\/\/www.antoinekaram.com\/fr\/wp-json\/wp\/v2\/comments?post=12303"}],"wp:featuredmedia":[{"embeddable":true,"href":"https:\/\/www.antoinekaram.com\/fr\/wp-json\/wp\/v2\/media\/8928"}],"wp:attachment":[{"href":"https:\/\/www.antoinekaram.com\/fr\/wp-json\/wp\/v2\/media?parent=12303"}],"wp:term":[{"taxonomy":"product_brand","embeddable":true,"href":"https:\/\/www.antoinekaram.com\/fr\/wp-json\/wp\/v2\/product_brand?post=12303"},{"taxonomy":"product_cat","embeddable":true,"href":"https:\/\/www.antoinekaram.com\/fr\/wp-json\/wp\/v2\/product_cat?post=12303"},{"taxonomy":"product_tag","embeddable":true,"href":"https:\/\/www.antoinekaram.com\/fr\/wp-json\/wp\/v2\/product_tag?post=12303"}],"curies":[{"name":"wp","href":"https:\/\/api.w.org\/{rel}","templated":true}]}}